{"id":140,"date":"2024-09-08T12:09:05","date_gmt":"2024-09-08T12:09:05","guid":{"rendered":"https:\/\/dev.narhetsakuten.se\/?page_id=140"},"modified":"2024-09-08T18:54:00","modified_gmt":"2024-09-08T18:54:00","slug":"sexologisk-handledning","status":"publish","type":"page","link":"https:\/\/dev.narhetsakuten.se\/index.php\/sexologisk-handledning\/","title":{"rendered":"Sexologisk handledning"},"content":{"rendered":"<p>[et_pb_section fb_built=&#8221;1&#8243; _builder_version=&#8221;4.27.0&#8243; _module_preset=&#8221;default&#8221; background_color=&#8221;#E5E1D8&#8243; background_enable_image=&#8221;off&#8221; background_blend=&#8221;darken&#8221; custom_padding=&#8221;6em||6em||false|false&#8221; global_colors_info=&#8221;{}&#8221;][et_pb_row _builder_version=&#8221;4.20.0&#8243; _module_preset=&#8221;default&#8221; global_colors_info=&#8221;{}&#8221;][et_pb_column type=&#8221;4_4&#8243; _builder_version=&#8221;4.20.0&#8243; _module_preset=&#8221;default&#8221; global_colors_info=&#8221;{}&#8221;][et_pb_text _builder_version=&#8221;4.27.0&#8243; _module_preset=&#8221;dd09815b-9204-45fb-8e57-4de9a6d634d4&#8243; header_text_color=&#8221;#910068&#8243; header_4_text_color=&#8221;#910068&#8243; header_4_font_size=&#8221;16px&#8221; text_orientation=&#8221;center&#8221; header_4_font_size_tablet=&#8221;16px&#8221; header_4_font_size_phone=&#8221;14px&#8221; header_4_font_size_last_edited=&#8221;on|desktop&#8221; global_colors_info=&#8221;{}&#8221;]<\/p>\n<h4>N\u00e4rhetsakuten<\/h4>\n<p>[\/et_pb_text][et_pb_text _builder_version=&#8221;4.27.0&#8243; _module_preset=&#8221;48771a93-e30b-4478-8744-d98ad35cce2c&#8221; header_font=&#8221;Cormorant Garamond|700|||||||&#8221; header_text_color=&#8221;#A09F8D&#8221; header_font_size=&#8221;60px&#8221; header_letter_spacing=&#8221;0.1em&#8221; text_orientation=&#8221;center&#8221; header_font_size_tablet=&#8221;60px&#8221; header_font_size_phone=&#8221;30px&#8221; header_font_size_last_edited=&#8221;on|phone&#8221; global_colors_info=&#8221;{}&#8221;]<\/p>\n<h1>Sexologisk handledning<\/h1>\n<p>[\/et_pb_text][\/et_pb_column][\/et_pb_row][\/et_pb_section][et_pb_section fb_built=&#8221;1&#8243; admin_label=&#8221;Packages&#8221; _builder_version=&#8221;4.27.0&#8243; _module_preset=&#8221;default&#8221; background_color=&#8221;rgba(229,225,216,0.24)&#8221; collapsed=&#8221;on&#8221; global_colors_info=&#8221;{}&#8221;][et_pb_row _builder_version=&#8221;4.27.0&#8243; _module_preset=&#8221;default&#8221;][et_pb_column _builder_version=&#8221;4.27.0&#8243; _module_preset=&#8221;default&#8221; type=&#8221;4_4&#8243;][et_pb_text _builder_version=&#8221;4.27.0&#8243; _module_preset=&#8221;690782ad-8f9f-49d9-9f00-e2dc230334f3&#8243; header_4_font=&#8221;Cormorant Garamond|700|||||||&#8221; header_4_text_color=&#8221;#31312F&#8221; header_4_font_size=&#8221;28px&#8221; header_4_letter_spacing=&#8221;0.1em&#8221; custom_margin=&#8221;||10px||false|false&#8221; hover_enabled=&#8221;0&#8243; header_4_font_size_tablet=&#8221;24px&#8221; header_4_font_size_phone=&#8221;22px&#8221; global_colors_info=&#8221;{}&#8221; theme_builder_area=&#8221;post_content&#8221; sticky_enabled=&#8221;0&#8243;]<\/p>\n<h4 style=\"text-align: center;\">Sexologisk \u00e4rendehandledning och grupphandledning<\/h4>\n<p>[\/et_pb_text][\/et_pb_column][\/et_pb_row][et_pb_row column_structure=&#8221;1_2,1_2&#8243; _builder_version=&#8221;4.27.0&#8243; _module_preset=&#8221;default&#8221; global_colors_info=&#8221;{}&#8221;][et_pb_column type=&#8221;1_2&#8243; _builder_version=&#8221;4.27.0&#8243; _module_preset=&#8221;default&#8221; custom_padding=&#8221;||||false|false&#8221; global_colors_info=&#8221;{}&#8221;][et_pb_image src=&#8221;https:\/\/dev.narhetsakuten.se\/wp-content\/uploads\/2024\/09\/Charlotte_3_JPEG.jpg&#8221; title_text=&#8221;Charlotte_3_JPEG&#8221; force_fullwidth=&#8221;on&#8221; _builder_version=&#8221;4.27.0&#8243; _module_preset=&#8221;default&#8221; border_radii=&#8221;on|5px|5px|5px|5px&#8221; global_colors_info=&#8221;{}&#8221;][\/et_pb_image][\/et_pb_column][et_pb_column type=&#8221;1_2&#8243; _builder_version=&#8221;4.27.0&#8243; _module_preset=&#8221;default&#8221; custom_padding=&#8221;||||false|false&#8221; global_colors_info=&#8221;{}&#8221;][et_pb_text _builder_version=&#8221;4.27.0&#8243; _module_preset=&#8221;default&#8221; global_colors_info=&#8221;{}&#8221;]<\/p>\n<p>Charlotte Makboul handleder ungdomsmottagningar och sexologmottagningar f\u00f6r vuxna med medicinsk eller terapeutisk personal s\u00e5som barnmorskor, l\u00e4kare och kuratorer.<\/p>\n<p>Du kan \u00e4ven som terapeut, student eller psykoterapeut boka enskild handledning.<\/p>\n<p>Handledningen utg\u00e5r fr\u00e5n en integrativ psykoterapeutisk metod med fokus p\u00e5 anknytningsteori, affektfokuserad psykoterapi och ACT, Acceptance and Commitment Therapy. Handledarutbildningen \u00e4r fr\u00e5n SAPU.<\/p>\n<p>Om ni \u00e4r intresserade s\u00e5 kan ni boka tid f\u00f6r en intervju s\u00e5 f\u00e5r ni h\u00f6ra hur jag t\u00e4nker kring sexologi och handledning.<\/p>\n<p>Priset f\u00f6r handledning \u00e4r 1800kr + moms\/45 minuter plus 700kr\/60 minuter reseers\u00e4ttning om ni vill att jag \u00e5ker ut till er.<\/p>\n<p>[\/et_pb_text][et_pb_text _builder_version=&#8221;4.27.0&#8243; _module_preset=&#8221;default&#8221; global_colors_info=&#8221;{}&#8221;]<\/p>\n<p><strong>F\u00f6r mer information, kontakta mig p\u00e5 <a href=\"mailto:charlotte@narhetsakuten.se\">charlotte@narhetsakuten.se<\/a><\/strong><\/p>\n<p>[\/et_pb_text][\/et_pb_column][\/et_pb_row][\/et_pb_section]<\/p>\n","protected":false},"excerpt":{"rendered":"<p>N\u00e4rhetsakutenSexologisk handledningSexologisk \u00e4rendehandledning och grupphandledningCharlotte Makboul handleder ungdomsmottagningar och sexologmottagningar f\u00f6r vuxna med medicinsk eller terapeutisk personal s\u00e5som barnmorskor, l\u00e4kare och kuratorer. Du kan \u00e4ven som terapeut, student eller psykoterapeut boka enskild handledning. Handledningen utg\u00e5r fr\u00e5n en integrativ psykoterapeutisk metod med fokus p\u00e5 anknytningsteori, affektfokuserad psykoterapi och ACT, Acceptance and Commitment Therapy. Handledarutbildningen \u00e4r fr\u00e5n [&hellip;]<\/p>\n","protected":false},"author":1,"featured_media":0,"parent":0,"menu_order":0,"comment_status":"closed","ping_status":"closed","template":"","meta":{"_et_pb_use_builder":"on","_et_pb_old_content":"","_et_gb_content_width":"","footnotes":""},"class_list":["post-140","page","type-page","status-publish","hentry"],"yoast_head":"<!-- This site is optimized with the Yoast SEO plugin v23.5 - https:\/\/yoast.com\/wordpress\/plugins\/seo\/ -->\n<title>Sexologisk handledning - N\u00e4rhetsakuten<\/title>\n<meta name=\"robots\" content=\"index, follow, max-snippet:-1, max-image-preview:large, max-video-preview:-1\" \/>\n<link rel=\"canonical\" href=\"https:\/\/dev.narhetsakuten.se\/index.php\/sexologisk-handledning\/\" \/>\n<meta property=\"og:locale\" content=\"sv_SE\" \/>\n<meta property=\"og:type\" content=\"article\" \/>\n<meta property=\"og:title\" content=\"Sexologisk handledning - N\u00e4rhetsakuten\" \/>\n<meta property=\"og:description\" content=\"N\u00e4rhetsakutenSexologisk handledningSexologisk \u00e4rendehandledning och grupphandledningCharlotte Makboul handleder ungdomsmottagningar och sexologmottagningar f\u00f6r vuxna med medicinsk eller terapeutisk personal s\u00e5som barnmorskor, l\u00e4kare och kuratorer. Du kan \u00e4ven som terapeut, student eller psykoterapeut boka enskild handledning. Handledningen utg\u00e5r fr\u00e5n en integrativ psykoterapeutisk metod med fokus p\u00e5 anknytningsteori, affektfokuserad psykoterapi och ACT, Acceptance and Commitment Therapy. Handledarutbildningen \u00e4r fr\u00e5n [&hellip;]\" \/>\n<meta property=\"og:url\" content=\"https:\/\/dev.narhetsakuten.se\/index.php\/sexologisk-handledning\/\" \/>\n<meta property=\"og:site_name\" content=\"N\u00e4rhetsakuten\" \/>\n<meta property=\"article:modified_time\" content=\"2024-09-08T18:54:00+00:00\" \/>\n<meta name=\"twitter:card\" content=\"summary_large_image\" \/>\n<script type=\"application\/ld+json\" class=\"yoast-schema-graph\">{\"@context\":\"https:\/\/schema.org\",\"@graph\":[{\"@type\":\"WebPage\",\"@id\":\"https:\/\/dev.narhetsakuten.se\/index.php\/sexologisk-handledning\/\",\"url\":\"https:\/\/dev.narhetsakuten.se\/index.php\/sexologisk-handledning\/\",\"name\":\"Sexologisk handledning - N\u00e4rhetsakuten\",\"isPartOf\":{\"@id\":\"https:\/\/dev.narhetsakuten.se\/#website\"},\"datePublished\":\"2024-09-08T12:09:05+00:00\",\"dateModified\":\"2024-09-08T18:54:00+00:00\",\"breadcrumb\":{\"@id\":\"https:\/\/dev.narhetsakuten.se\/index.php\/sexologisk-handledning\/#breadcrumb\"},\"inLanguage\":\"sv-SE\",\"potentialAction\":[{\"@type\":\"ReadAction\",\"target\":[\"https:\/\/dev.narhetsakuten.se\/index.php\/sexologisk-handledning\/\"]}]},{\"@type\":\"BreadcrumbList\",\"@id\":\"https:\/\/dev.narhetsakuten.se\/index.php\/sexologisk-handledning\/#breadcrumb\",\"itemListElement\":[{\"@type\":\"ListItem\",\"position\":1,\"name\":\"Hem\",\"item\":\"https:\/\/dev.narhetsakuten.se\/\"},{\"@type\":\"ListItem\",\"position\":2,\"name\":\"Sexologisk handledning\"}]},{\"@type\":\"WebSite\",\"@id\":\"https:\/\/dev.narhetsakuten.se\/#website\",\"url\":\"https:\/\/dev.narhetsakuten.se\/\",\"name\":\"N\u00e4rhetsakuten\",\"description\":\"Sexolog och leg. psykoterapeut\",\"potentialAction\":[{\"@type\":\"SearchAction\",\"target\":{\"@type\":\"EntryPoint\",\"urlTemplate\":\"https:\/\/dev.narhetsakuten.se\/?s={search_term_string}\"},\"query-input\":{\"@type\":\"PropertyValueSpecification\",\"valueRequired\":true,\"valueName\":\"search_term_string\"}}],\"inLanguage\":\"sv-SE\"}]}<\/script>\n<!-- \/ Yoast SEO plugin. -->","yoast_head_json":{"title":"Sexologisk handledning - N\u00e4rhetsakuten","robots":{"index":"index","follow":"follow","max-snippet":"max-snippet:-1","max-image-preview":"max-image-preview:large","max-video-preview":"max-video-preview:-1"},"canonical":"https:\/\/dev.narhetsakuten.se\/index.php\/sexologisk-handledning\/","og_locale":"sv_SE","og_type":"article","og_title":"Sexologisk handledning - N\u00e4rhetsakuten","og_description":"N\u00e4rhetsakutenSexologisk handledningSexologisk \u00e4rendehandledning och grupphandledningCharlotte Makboul handleder ungdomsmottagningar och sexologmottagningar f\u00f6r vuxna med medicinsk eller terapeutisk personal s\u00e5som barnmorskor, l\u00e4kare och kuratorer. Du kan \u00e4ven som terapeut, student eller psykoterapeut boka enskild handledning. Handledningen utg\u00e5r fr\u00e5n en integrativ psykoterapeutisk metod med fokus p\u00e5 anknytningsteori, affektfokuserad psykoterapi och ACT, Acceptance and Commitment Therapy. Handledarutbildningen \u00e4r fr\u00e5n [&hellip;]","og_url":"https:\/\/dev.narhetsakuten.se\/index.php\/sexologisk-handledning\/","og_site_name":"N\u00e4rhetsakuten","article_modified_time":"2024-09-08T18:54:00+00:00","twitter_card":"summary_large_image","schema":{"@context":"https:\/\/schema.org","@graph":[{"@type":"WebPage","@id":"https:\/\/dev.narhetsakuten.se\/index.php\/sexologisk-handledning\/","url":"https:\/\/dev.narhetsakuten.se\/index.php\/sexologisk-handledning\/","name":"Sexologisk handledning - N\u00e4rhetsakuten","isPartOf":{"@id":"https:\/\/dev.narhetsakuten.se\/#website"},"datePublished":"2024-09-08T12:09:05+00:00","dateModified":"2024-09-08T18:54:00+00:00","breadcrumb":{"@id":"https:\/\/dev.narhetsakuten.se\/index.php\/sexologisk-handledning\/#breadcrumb"},"inLanguage":"sv-SE","potentialAction":[{"@type":"ReadAction","target":["https:\/\/dev.narhetsakuten.se\/index.php\/sexologisk-handledning\/"]}]},{"@type":"BreadcrumbList","@id":"https:\/\/dev.narhetsakuten.se\/index.php\/sexologisk-handledning\/#breadcrumb","itemListElement":[{"@type":"ListItem","position":1,"name":"Hem","item":"https:\/\/dev.narhetsakuten.se\/"},{"@type":"ListItem","position":2,"name":"Sexologisk handledning"}]},{"@type":"WebSite","@id":"https:\/\/dev.narhetsakuten.se\/#website","url":"https:\/\/dev.narhetsakuten.se\/","name":"N\u00e4rhetsakuten","description":"Sexolog och leg. psykoterapeut","potentialAction":[{"@type":"SearchAction","target":{"@type":"EntryPoint","urlTemplate":"https:\/\/dev.narhetsakuten.se\/?s={search_term_string}"},"query-input":{"@type":"PropertyValueSpecification","valueRequired":true,"valueName":"search_term_string"}}],"inLanguage":"sv-SE"}]}},"_links":{"self":[{"href":"https:\/\/dev.narhetsakuten.se\/index.php\/wp-json\/wp\/v2\/pages\/140","targetHints":{"allow":["GET"]}}],"collection":[{"href":"https:\/\/dev.narhetsakuten.se\/index.php\/wp-json\/wp\/v2\/pages"}],"about":[{"href":"https:\/\/dev.narhetsakuten.se\/index.php\/wp-json\/wp\/v2\/types\/page"}],"author":[{"embeddable":true,"href":"https:\/\/dev.narhetsakuten.se\/index.php\/wp-json\/wp\/v2\/users\/1"}],"replies":[{"embeddable":true,"href":"https:\/\/dev.narhetsakuten.se\/index.php\/wp-json\/wp\/v2\/comments?post=140"}],"version-history":[{"count":7,"href":"https:\/\/dev.narhetsakuten.se\/index.php\/wp-json\/wp\/v2\/pages\/140\/revisions"}],"predecessor-version":[{"id":171,"href":"https:\/\/dev.narhetsakuten.se\/index.php\/wp-json\/wp\/v2\/pages\/140\/revisions\/171"}],"wp:attachment":[{"href":"https:\/\/dev.narhetsakuten.se\/index.php\/wp-json\/wp\/v2\/media?parent=140"}],"curies":[{"name":"wp","href":"https:\/\/api.w.org\/{rel}","templated":true}]}}