{"id":160,"date":"2024-09-08T12:34:17","date_gmt":"2024-09-08T12:34:17","guid":{"rendered":"https:\/\/dev.narhetsakuten.se\/?page_id=160"},"modified":"2024-09-08T12:37:22","modified_gmt":"2024-09-08T12:37:22","slug":"ska-man-ha-sex-mot-sin-vilja","status":"publish","type":"page","link":"https:\/\/dev.narhetsakuten.se\/index.php\/ska-man-ha-sex-mot-sin-vilja\/","title":{"rendered":"Ska man ha sex mot sin vilja?"},"content":{"rendered":"<p>[et_pb_section fb_built=&#8221;1&#8243; _builder_version=&#8221;4.27.0&#8243; _module_preset=&#8221;default&#8221; use_background_color_gradient=&#8221;on&#8221; background_color_gradient_direction=&#8221;123deg&#8221; background_color_gradient_stops=&#8221;rgba(49,49,47,0.64) 0%|rgba(255,255,255,0) 100%&#8221; background_image=&#8221;https:\/\/dev.narhetsakuten.se\/wp-content\/uploads\/2024\/09\/IMG_2207-1920.jpg&#8221; background_blend=&#8221;darken&#8221; custom_padding=&#8221;17em||17em||false|false&#8221; global_colors_info=&#8221;{}&#8221;][et_pb_row _builder_version=&#8221;4.20.0&#8243; _module_preset=&#8221;default&#8221; global_colors_info=&#8221;{}&#8221;][et_pb_column type=&#8221;4_4&#8243; _builder_version=&#8221;4.20.0&#8243; _module_preset=&#8221;default&#8221; global_colors_info=&#8221;{}&#8221;][et_pb_text _builder_version=&#8221;4.27.0&#8243; _module_preset=&#8221;dd09815b-9204-45fb-8e57-4de9a6d634d4&#8243; header_text_color=&#8221;#910068&#8243; header_4_text_color=&#8221;#FFFFFF&#8221; header_4_font_size=&#8221;16px&#8221; text_orientation=&#8221;center&#8221; header_4_font_size_tablet=&#8221;16px&#8221; header_4_font_size_phone=&#8221;14px&#8221; header_4_font_size_last_edited=&#8221;on|desktop&#8221; global_colors_info=&#8221;{}&#8221;]<\/p>\n<h4>N\u00e4rhetsakuten<\/h4>\n<p>[\/et_pb_text][et_pb_text _builder_version=&#8221;4.27.0&#8243; _module_preset=&#8221;48771a93-e30b-4478-8744-d98ad35cce2c&#8221; header_font=&#8221;Cormorant Garamond|700|||||||&#8221; header_text_color=&#8221;#FFFFFF&#8221; header_letter_spacing=&#8221;1px&#8221; text_orientation=&#8221;center&#8221; header_font_size_tablet=&#8221;60px&#8221; header_font_size_phone=&#8221;36px&#8221; global_colors_info=&#8221;{}&#8221;]<\/p>\n<h1>Ska man ha sex mot sin vilja?<\/h1>\n<p>[\/et_pb_text][\/et_pb_column][\/et_pb_row][\/et_pb_section][et_pb_section fb_built=&#8221;1&#8243; admin_label=&#8221;Packages&#8221; _builder_version=&#8221;4.27.0&#8243; _module_preset=&#8221;default&#8221; background_color=&#8221;rgba(229,225,216,0.57)&#8221; collapsed=&#8221;on&#8221; global_colors_info=&#8221;{}&#8221;][et_pb_row _builder_version=&#8221;4.27.0&#8243; _module_preset=&#8221;default&#8221; global_colors_info=&#8221;{}&#8221;][et_pb_column type=&#8221;4_4&#8243; _builder_version=&#8221;4.27.0&#8243; _module_preset=&#8221;default&#8221; global_colors_info=&#8221;{}&#8221;][et_pb_text _builder_version=&#8221;4.27.0&#8243; _module_preset=&#8221;690782ad-8f9f-49d9-9f00-e2dc230334f3&#8243; text_line_height=&#8221;1.5em&#8221; header_3_font=&#8221;|700|||||||&#8221; header_3_text_color=&#8221;#31312F&#8221; header_3_font_size=&#8221;36px&#8221; header_3_letter_spacing=&#8221;1px&#8221; header_3_line_height=&#8221;1.4em&#8221; header_4_font=&#8221;Cormorant Garamond|700|||||||&#8221; header_4_text_color=&#8221;#910068&#8243; header_4_font_size=&#8221;28px&#8221; header_4_letter_spacing=&#8221;0.1em&#8221; header_6_font_size=&#8221;16px&#8221; header_6_line_height=&#8221;1.4em&#8221; custom_margin=&#8221;||||false|false&#8221; header_3_font_size_tablet=&#8221;32px&#8221; header_3_font_size_phone=&#8221;22px&#8221; header_3_font_size_last_edited=&#8221;on|phone&#8221; header_4_font_size_tablet=&#8221;24px&#8221; header_4_font_size_phone=&#8221;22px&#8221; header_6_font_size_tablet=&#8221;16px&#8221; header_6_font_size_phone=&#8221;14px&#8221; header_6_font_size_last_edited=&#8221;on|desktop&#8221; global_colors_info=&#8221;{}&#8221;]<\/p>\n<h6 style=\"text-align: center;\">Har du ett motst\u00e5nd mot sex? Kommer det vid tanken p\u00e5 sex upp mottankar som &#8221;nej, jag orkar inte&#8221;, &#8221;nej, jag m\u00e5ste h\u00e4nga tv\u00e4tt&#8221; eller &#8221;nej, jag vill inte&#8221;?<\/h6>\n<h6 style=\"text-align: center;\"><\/h6>\n<h6 style=\"text-align: center;\">Har du en k\u00e4nsla av blygsel, genans, pinsamt, skam, panik, r\u00e4dsla, oro, os\u00e4kerhet, \u00e4ckel, avsky, skuld, irritation eller tomhet under sexakten eller inf\u00f6r tanken p\u00e5 sex?<\/h6>\n<h6 style=\"text-align: center;\"><strong><\/strong><\/h6>\n<h6 style=\"text-align: center;\"><strong>Fr\u00e5gan \u00e4r d\u00e5:<\/strong> Hj\u00e4lper det att ha sex mot sin vilja, eller snarare mot sin <strong>k\u00e4nsla?<\/strong><\/h6>\n<p>[\/et_pb_text][\/et_pb_column][\/et_pb_row][et_pb_row column_structure=&#8221;1_2,1_2&#8243; _builder_version=&#8221;4.27.0&#8243; _module_preset=&#8221;default&#8221; global_colors_info=&#8221;{}&#8221;][et_pb_column type=&#8221;1_2&#8243; _builder_version=&#8221;4.27.0&#8243; _module_preset=&#8221;default&#8221; global_colors_info=&#8221;{}&#8221;][et_pb_image src=&#8221;https:\/\/dev.narhetsakuten.se\/wp-content\/uploads\/2024\/09\/iStock-487424876-webb.jpg&#8221; title_text=&#8221;iStock-487424876-webb&#8221; _builder_version=&#8221;4.27.0&#8243; _module_preset=&#8221;default&#8221; border_radii=&#8221;on|5px|5px|5px|5px&#8221; global_colors_info=&#8221;{}&#8221;][\/et_pb_image][\/et_pb_column][et_pb_column type=&#8221;1_2&#8243; _builder_version=&#8221;4.27.0&#8243; _module_preset=&#8221;default&#8221; global_colors_info=&#8221;{}&#8221;][et_pb_text _builder_version=&#8221;4.27.0&#8243; _module_preset=&#8221;default&#8221; background_color=&#8221;#FFFFFF&#8221; custom_padding=&#8221;2vw|2vw|2vw|2vw|true|true&#8221; global_colors_info=&#8221;{}&#8221;]<\/p>\n<p>Svarar du &#8221;ja&#8221; p\u00e5 f\u00f6ljande fr\u00e5gor s\u00e5 kan det vara bra att ha sex fast k\u00e4nslorna och tankarna s\u00e4ger att du ska undvika det.<\/p>\n<p>&nbsp;<\/p>\n<ul>\n<li>Vill du kunna ha sex?<\/li>\n<li>Skulle du vilja k\u00e4nna att du verkligen vill ha sex?<\/li>\n<li>\u00c4r det jobbiga eller obehagliga k\u00e4nslor so, hindrar mig fr\u00e5n att vilja ha sex?<\/li>\n<\/ul>\n<p>[\/et_pb_text][et_pb_text _builder_version=&#8221;4.27.0&#8243; _module_preset=&#8221;default&#8221; background_color=&#8221;#E5E1D8&#8243; custom_padding=&#8221;2vw|2vw|2vw|2vw|true|true&#8221; global_colors_info=&#8221;{}&#8221;]<\/p>\n<p>N\u00e4r jobbiga k\u00e4nslor och nej-tankar kommer och st\u00e4ller till problem s\u00e5 du inte kan g\u00f6ra saker du vill kunna g\u00f6ra \u00e4r det bra att g\u00f6ra s\u00e5h\u00e4r:<\/p>\n<p>&nbsp;<\/p>\n<ol>\n<li>Stanna upp och bli medveten om vad du t\u00e4nker<\/li>\n<li>Unders\u00f6k vilka k\u00e4nslor som \u00e4r kopplade till just dessa tankar<\/li>\n<li>K\u00e4nn efter var i kroppen dessa k\u00e4nslor sitter, andas in i k\u00e4nslorna och acceptera dem fysiskt, det \u00e4r ok att k\u00e4nna s\u00e5h\u00e4r.<\/li>\n<li>S\u00e4g till dig sj\u00e4lv: &#8221;Intressant att jag t\u00e4nker att jag inte vill fast jag vet att jag vill vilja, jag v\u00e4ljer att inte lyssna p\u00e5 vill-inte tanken idag&#8221;.<\/li>\n<li>Om du verkligen inte vill ha sex och inte vill vilja ha sex har du givetvis alltid best\u00e4mmander\u00e4tt \u00f6ver din egen kropp. Ingen m\u00e5ste ha sex mot sin vilja. Man kan v\u00e4lja att inte ha sex och vara n\u00f6jd med sitt val.<\/li>\n<\/ol>\n<p>[\/et_pb_text][\/et_pb_column][\/et_pb_row][\/et_pb_section]<\/p>\n","protected":false},"excerpt":{"rendered":"<p>N\u00e4rhetsakutenSka man ha sex mot sin vilja?Har du ett motst\u00e5nd mot sex? Kommer det vid tanken p\u00e5 sex upp mottankar som &#8221;nej, jag orkar inte&#8221;, &#8221;nej, jag m\u00e5ste h\u00e4nga tv\u00e4tt&#8221; eller &#8221;nej, jag vill inte&#8221;? Har du en k\u00e4nsla av blygsel, genans, pinsamt, skam, panik, r\u00e4dsla, oro, os\u00e4kerhet, \u00e4ckel, avsky, skuld, irritation eller tomhet under [&hellip;]<\/p>\n","protected":false},"author":1,"featured_media":0,"parent":0,"menu_order":0,"comment_status":"closed","ping_status":"closed","template":"","meta":{"_et_pb_use_builder":"on","_et_pb_old_content":"","_et_gb_content_width":"","footnotes":""},"class_list":["post-160","page","type-page","status-publish","hentry"],"yoast_head":"<!-- This site is optimized with the Yoast SEO plugin v23.5 - https:\/\/yoast.com\/wordpress\/plugins\/seo\/ -->\n<title>Ska man ha sex mot sin vilja? - N\u00e4rhetsakuten<\/title>\n<meta name=\"robots\" content=\"index, follow, max-snippet:-1, max-image-preview:large, max-video-preview:-1\" \/>\n<link rel=\"canonical\" href=\"https:\/\/dev.narhetsakuten.se\/index.php\/ska-man-ha-sex-mot-sin-vilja\/\" \/>\n<meta property=\"og:locale\" content=\"sv_SE\" \/>\n<meta property=\"og:type\" content=\"article\" \/>\n<meta property=\"og:title\" content=\"Ska man ha sex mot sin vilja? - N\u00e4rhetsakuten\" \/>\n<meta property=\"og:description\" content=\"N\u00e4rhetsakutenSka man ha sex mot sin vilja?Har du ett motst\u00e5nd mot sex? Kommer det vid tanken p\u00e5 sex upp mottankar som &quot;nej, jag orkar inte&quot;, &quot;nej, jag m\u00e5ste h\u00e4nga tv\u00e4tt&quot; eller &quot;nej, jag vill inte&quot;? Har du en k\u00e4nsla av blygsel, genans, pinsamt, skam, panik, r\u00e4dsla, oro, os\u00e4kerhet, \u00e4ckel, avsky, skuld, irritation eller tomhet under [&hellip;]\" \/>\n<meta property=\"og:url\" content=\"https:\/\/dev.narhetsakuten.se\/index.php\/ska-man-ha-sex-mot-sin-vilja\/\" \/>\n<meta property=\"og:site_name\" content=\"N\u00e4rhetsakuten\" \/>\n<meta property=\"article:modified_time\" content=\"2024-09-08T12:37:22+00:00\" \/>\n<meta name=\"twitter:card\" content=\"summary_large_image\" \/>\n<script type=\"application\/ld+json\" class=\"yoast-schema-graph\">{\"@context\":\"https:\/\/schema.org\",\"@graph\":[{\"@type\":\"WebPage\",\"@id\":\"https:\/\/dev.narhetsakuten.se\/index.php\/ska-man-ha-sex-mot-sin-vilja\/\",\"url\":\"https:\/\/dev.narhetsakuten.se\/index.php\/ska-man-ha-sex-mot-sin-vilja\/\",\"name\":\"Ska man ha sex mot sin vilja? - N\u00e4rhetsakuten\",\"isPartOf\":{\"@id\":\"https:\/\/dev.narhetsakuten.se\/#website\"},\"datePublished\":\"2024-09-08T12:34:17+00:00\",\"dateModified\":\"2024-09-08T12:37:22+00:00\",\"breadcrumb\":{\"@id\":\"https:\/\/dev.narhetsakuten.se\/index.php\/ska-man-ha-sex-mot-sin-vilja\/#breadcrumb\"},\"inLanguage\":\"sv-SE\",\"potentialAction\":[{\"@type\":\"ReadAction\",\"target\":[\"https:\/\/dev.narhetsakuten.se\/index.php\/ska-man-ha-sex-mot-sin-vilja\/\"]}]},{\"@type\":\"BreadcrumbList\",\"@id\":\"https:\/\/dev.narhetsakuten.se\/index.php\/ska-man-ha-sex-mot-sin-vilja\/#breadcrumb\",\"itemListElement\":[{\"@type\":\"ListItem\",\"position\":1,\"name\":\"Hem\",\"item\":\"https:\/\/dev.narhetsakuten.se\/\"},{\"@type\":\"ListItem\",\"position\":2,\"name\":\"Ska man ha sex mot sin vilja?\"}]},{\"@type\":\"WebSite\",\"@id\":\"https:\/\/dev.narhetsakuten.se\/#website\",\"url\":\"https:\/\/dev.narhetsakuten.se\/\",\"name\":\"N\u00e4rhetsakuten\",\"description\":\"Sexolog och leg. psykoterapeut\",\"potentialAction\":[{\"@type\":\"SearchAction\",\"target\":{\"@type\":\"EntryPoint\",\"urlTemplate\":\"https:\/\/dev.narhetsakuten.se\/?s={search_term_string}\"},\"query-input\":{\"@type\":\"PropertyValueSpecification\",\"valueRequired\":true,\"valueName\":\"search_term_string\"}}],\"inLanguage\":\"sv-SE\"}]}<\/script>\n<!-- \/ Yoast SEO plugin. -->","yoast_head_json":{"title":"Ska man ha sex mot sin vilja? - N\u00e4rhetsakuten","robots":{"index":"index","follow":"follow","max-snippet":"max-snippet:-1","max-image-preview":"max-image-preview:large","max-video-preview":"max-video-preview:-1"},"canonical":"https:\/\/dev.narhetsakuten.se\/index.php\/ska-man-ha-sex-mot-sin-vilja\/","og_locale":"sv_SE","og_type":"article","og_title":"Ska man ha sex mot sin vilja? - N\u00e4rhetsakuten","og_description":"N\u00e4rhetsakutenSka man ha sex mot sin vilja?Har du ett motst\u00e5nd mot sex? Kommer det vid tanken p\u00e5 sex upp mottankar som \"nej, jag orkar inte\", \"nej, jag m\u00e5ste h\u00e4nga tv\u00e4tt\" eller \"nej, jag vill inte\"? Har du en k\u00e4nsla av blygsel, genans, pinsamt, skam, panik, r\u00e4dsla, oro, os\u00e4kerhet, \u00e4ckel, avsky, skuld, irritation eller tomhet under [&hellip;]","og_url":"https:\/\/dev.narhetsakuten.se\/index.php\/ska-man-ha-sex-mot-sin-vilja\/","og_site_name":"N\u00e4rhetsakuten","article_modified_time":"2024-09-08T12:37:22+00:00","twitter_card":"summary_large_image","schema":{"@context":"https:\/\/schema.org","@graph":[{"@type":"WebPage","@id":"https:\/\/dev.narhetsakuten.se\/index.php\/ska-man-ha-sex-mot-sin-vilja\/","url":"https:\/\/dev.narhetsakuten.se\/index.php\/ska-man-ha-sex-mot-sin-vilja\/","name":"Ska man ha sex mot sin vilja? - N\u00e4rhetsakuten","isPartOf":{"@id":"https:\/\/dev.narhetsakuten.se\/#website"},"datePublished":"2024-09-08T12:34:17+00:00","dateModified":"2024-09-08T12:37:22+00:00","breadcrumb":{"@id":"https:\/\/dev.narhetsakuten.se\/index.php\/ska-man-ha-sex-mot-sin-vilja\/#breadcrumb"},"inLanguage":"sv-SE","potentialAction":[{"@type":"ReadAction","target":["https:\/\/dev.narhetsakuten.se\/index.php\/ska-man-ha-sex-mot-sin-vilja\/"]}]},{"@type":"BreadcrumbList","@id":"https:\/\/dev.narhetsakuten.se\/index.php\/ska-man-ha-sex-mot-sin-vilja\/#breadcrumb","itemListElement":[{"@type":"ListItem","position":1,"name":"Hem","item":"https:\/\/dev.narhetsakuten.se\/"},{"@type":"ListItem","position":2,"name":"Ska man ha sex mot sin vilja?"}]},{"@type":"WebSite","@id":"https:\/\/dev.narhetsakuten.se\/#website","url":"https:\/\/dev.narhetsakuten.se\/","name":"N\u00e4rhetsakuten","description":"Sexolog och leg. psykoterapeut","potentialAction":[{"@type":"SearchAction","target":{"@type":"EntryPoint","urlTemplate":"https:\/\/dev.narhetsakuten.se\/?s={search_term_string}"},"query-input":{"@type":"PropertyValueSpecification","valueRequired":true,"valueName":"search_term_string"}}],"inLanguage":"sv-SE"}]}},"_links":{"self":[{"href":"https:\/\/dev.narhetsakuten.se\/index.php\/wp-json\/wp\/v2\/pages\/160","targetHints":{"allow":["GET"]}}],"collection":[{"href":"https:\/\/dev.narhetsakuten.se\/index.php\/wp-json\/wp\/v2\/pages"}],"about":[{"href":"https:\/\/dev.narhetsakuten.se\/index.php\/wp-json\/wp\/v2\/types\/page"}],"author":[{"embeddable":true,"href":"https:\/\/dev.narhetsakuten.se\/index.php\/wp-json\/wp\/v2\/users\/1"}],"replies":[{"embeddable":true,"href":"https:\/\/dev.narhetsakuten.se\/index.php\/wp-json\/wp\/v2\/comments?post=160"}],"version-history":[{"count":4,"href":"https:\/\/dev.narhetsakuten.se\/index.php\/wp-json\/wp\/v2\/pages\/160\/revisions"}],"predecessor-version":[{"id":170,"href":"https:\/\/dev.narhetsakuten.se\/index.php\/wp-json\/wp\/v2\/pages\/160\/revisions\/170"}],"wp:attachment":[{"href":"https:\/\/dev.narhetsakuten.se\/index.php\/wp-json\/wp\/v2\/media?parent=160"}],"curies":[{"name":"wp","href":"https:\/\/api.w.org\/{rel}","templated":true}]}}