{"id":174,"date":"2024-09-08T19:02:53","date_gmt":"2024-09-08T19:02:53","guid":{"rendered":"https:\/\/dev.narhetsakuten.se\/?page_id=174"},"modified":"2024-09-13T13:03:57","modified_gmt":"2024-09-13T13:03:57","slug":"sexuella-problem","status":"publish","type":"page","link":"https:\/\/dev.narhetsakuten.se\/index.php\/sexuella-problem\/","title":{"rendered":"Sexuella problem"},"content":{"rendered":"<p>[et_pb_section fb_built=&#8221;1&#8243; _builder_version=&#8221;4.27.0&#8243; _module_preset=&#8221;default&#8221; use_background_color_gradient=&#8221;on&#8221; background_color_gradient_direction=&#8221;123deg&#8221; background_color_gradient_stops=&#8221;rgba(49,49,47,0.64) 0%|rgba(255,255,255,0) 100%&#8221; background_image=&#8221;https:\/\/dev.narhetsakuten.se\/wp-content\/uploads\/2024\/09\/IMG_7578-1500.jpg&#8221; background_blend=&#8221;darken&#8221; custom_padding=&#8221;17em||17em||false|false&#8221; global_colors_info=&#8221;{}&#8221;][et_pb_row _builder_version=&#8221;4.20.0&#8243; _module_preset=&#8221;default&#8221; global_colors_info=&#8221;{}&#8221;][et_pb_column type=&#8221;4_4&#8243; _builder_version=&#8221;4.20.0&#8243; _module_preset=&#8221;default&#8221; global_colors_info=&#8221;{}&#8221;][et_pb_text _builder_version=&#8221;4.27.0&#8243; _module_preset=&#8221;dd09815b-9204-45fb-8e57-4de9a6d634d4&#8243; header_text_color=&#8221;#910068&#8243; header_4_text_color=&#8221;#FFFFFF&#8221; header_4_font_size=&#8221;16px&#8221; text_orientation=&#8221;center&#8221; header_4_font_size_tablet=&#8221;16px&#8221; header_4_font_size_phone=&#8221;14px&#8221; header_4_font_size_last_edited=&#8221;on|desktop&#8221; global_colors_info=&#8221;{}&#8221;]<\/p>\n<h4>N\u00e4rhetsakuten<\/h4>\n<p>[\/et_pb_text][et_pb_text _builder_version=&#8221;4.27.0&#8243; _module_preset=&#8221;48771a93-e30b-4478-8744-d98ad35cce2c&#8221; header_font=&#8221;Cormorant Garamond|700|||||||&#8221; header_text_color=&#8221;#FFFFFF&#8221; header_letter_spacing=&#8221;0.1em&#8221; text_orientation=&#8221;center&#8221; header_font_size_tablet=&#8221;60px&#8221; header_font_size_phone=&#8221;36px&#8221; global_colors_info=&#8221;{}&#8221;]<\/p>\n<h1>Sexuella problem<\/h1>\n<p>[\/et_pb_text][\/et_pb_column][\/et_pb_row][\/et_pb_section][et_pb_section fb_built=&#8221;1&#8243; admin_label=&#8221;Packages&#8221; _builder_version=&#8221;4.27.0&#8243; _module_preset=&#8221;default&#8221; background_color=&#8221;rgba(229,225,216,0.58)&#8221; collapsed=&#8221;on&#8221; global_colors_info=&#8221;{}&#8221;][et_pb_row _builder_version=&#8221;4.27.0&#8243; _module_preset=&#8221;default&#8221; global_colors_info=&#8221;{}&#8221;][et_pb_column type=&#8221;4_4&#8243; _builder_version=&#8221;4.27.0&#8243; _module_preset=&#8221;default&#8221; global_colors_info=&#8221;{}&#8221;][et_pb_text _builder_version=&#8221;4.27.0&#8243; _module_preset=&#8221;690782ad-8f9f-49d9-9f00-e2dc230334f3&#8243; header_3_font=&#8221;|700|||||||&#8221; header_3_text_color=&#8221;#31312F&#8221; header_3_font_size=&#8221;36px&#8221; header_3_letter_spacing=&#8221;1px&#8221; header_3_line_height=&#8221;1.4em&#8221; header_4_font=&#8221;Cormorant Garamond|700|||||||&#8221; header_4_text_color=&#8221;#910068&#8243; header_4_font_size=&#8221;28px&#8221; header_4_letter_spacing=&#8221;0.1em&#8221; custom_margin=&#8221;||10px||false|false&#8221; header_3_font_size_tablet=&#8221;32px&#8221; header_3_font_size_phone=&#8221;22px&#8221; header_3_font_size_last_edited=&#8221;on|phone&#8221; header_4_font_size_tablet=&#8221;24px&#8221; header_4_font_size_phone=&#8221;22px&#8221; global_colors_info=&#8221;{}&#8221;]<\/p>\n<h3 style=\"text-align: center;\">Sexuella problem som du kan s\u00f6ka f\u00f6r hos sexolog<\/h3>\n<p>[\/et_pb_text][\/et_pb_column][\/et_pb_row][et_pb_row column_structure=&#8221;1_2,1_2&#8243; _builder_version=&#8221;4.27.0&#8243; _module_preset=&#8221;default&#8221; global_colors_info=&#8221;{}&#8221;][et_pb_column type=&#8221;1_2&#8243; _builder_version=&#8221;4.27.0&#8243; _module_preset=&#8221;default&#8221; custom_padding=&#8221;||||true|true&#8221; custom_padding_tablet=&#8221;||||false|false&#8221; custom_padding_phone=&#8221;||||false|false&#8221; custom_padding_last_edited=&#8221;on|desktop&#8221; global_colors_info=&#8221;{}&#8221;][et_pb_text _builder_version=&#8221;4.27.0&#8243; _module_preset=&#8221;default&#8221; global_colors_info=&#8221;{}&#8221;]<\/p>\n<p>V\u00e5ra kroppar \u00e4r smarta, ibland smartare \u00e4n vi tror. Kroppen s\u00e4nder ut signaler till oss n\u00e4r n\u00e5got k\u00e4nns fel. Den signalerar med kroppsliga symtom s\u00e5 vi ska stanna upp och f\u00f6rs\u00f6ka f\u00f6rst\u00e5 vad det \u00e4r som inte fungerar. Man kan f\u00e5 ont i axlar eller huvud och d\u00e5 t\u00e4nker vi att nu \u00e4r jag kanske stressad. Jag beh\u00f6ver lugna mig och vila upp mig.<\/p>\n<p>P\u00e5 samma s\u00e4tt visar kroppen med sexuella symtom n\u00e4r n\u00e5got i relationen inte st\u00e4mmer. Sexuella bekymmer som ofta har psykiska orsaker kan till exempel vara sexuell olust, impotens, sm\u00e4rta vid samlag\/n\u00e4rhet, porrmissbruk, vaginism, of\u00f6rm\u00e5ga till utl\u00f6sning\/orgasm eller f\u00f6r tidig utl\u00f6sning.<\/p>\n<p>[\/et_pb_text][\/et_pb_column][et_pb_column type=&#8221;1_2&#8243; _builder_version=&#8221;4.27.0&#8243; _module_preset=&#8221;default&#8221; custom_padding=&#8221;||||true|true&#8221; custom_padding_tablet=&#8221;||||false|false&#8221; custom_padding_phone=&#8221;||||false|false&#8221; custom_padding_last_edited=&#8221;on|tablet&#8221; global_colors_info=&#8221;{}&#8221;][et_pb_text _builder_version=&#8221;4.27.0&#8243; _module_preset=&#8221;default&#8221; global_colors_info=&#8221;{}&#8221;]<\/p>\n<p>Vad som orsakar sexuella problem \u00e4r individuellt men ofta handlar det om ett s\u00e4tt att hantera obehaget av att blotta sig i en n\u00e4ra relation. Det \u00e4r inte ovanligt att det fungerar bra sexuellt i b\u00f6rjan av ett f\u00f6rh\u00e5llande och att den s\u00e5 kallade attraktionen sl\u00e4pper efter en tid.<\/p>\n<p>Jag tror inte p\u00e5 att det \u00e4r attraktionen som sl\u00e4pper utan snarare att det \u00e4r relationen som f\u00f6rdjupas vilket g\u00f6r att sexualiteten blir intimare och k\u00e4nslor av att k\u00e4nna sig exponerad eller blottad g\u00f6r det obekv\u00e4mt och oroligt vilket v\u00e4cker tankar som ger k\u00e4nslor och kroppen f\u00f6ljer efter i sexuella dysfunktioner.<\/p>\n<p>Kroppen vill inte ha sexlust om det k\u00e4nns oroligt med sex.<\/p>\n<p>[\/et_pb_text][\/et_pb_column][\/et_pb_row][et_pb_row column_structure=&#8221;1_2,1_2&#8243; _builder_version=&#8221;4.27.0&#8243; _module_preset=&#8221;default&#8221; global_colors_info=&#8221;{}&#8221;][et_pb_column type=&#8221;1_2&#8243; _builder_version=&#8221;4.27.0&#8243; _module_preset=&#8221;default&#8221; global_colors_info=&#8221;{}&#8221;][et_pb_image src=&#8221;https:\/\/dev.narhetsakuten.se\/wp-content\/uploads\/2024\/09\/knut.jpg&#8221; title_text=&#8221;knut&#8221; _builder_version=&#8221;4.27.0&#8243; _module_preset=&#8221;default&#8221; border_radii=&#8221;on|5px|5px|5px|5px&#8221; global_colors_info=&#8221;{}&#8221;][\/et_pb_image][\/et_pb_column][et_pb_column type=&#8221;1_2&#8243; _builder_version=&#8221;4.27.0&#8243; _module_preset=&#8221;default&#8221; global_colors_info=&#8221;{}&#8221;][et_pb_text _builder_version=&#8221;4.27.0&#8243; _module_preset=&#8221;default&#8221; background_color=&#8221;#FFFFFF&#8221; custom_padding=&#8221;3vw|2vw|3vw|2vw|true|true&#8221; global_colors_info=&#8221;{}&#8221;]<\/p>\n<p>Vi kan hj\u00e4lpa dig att hitta de psykologiska orsakerna bakom dina sexuella sv\u00e5righeter. Ni \u00e4r v\u00e4lkomna som par eller enskilt.<\/p>\n<p>Vi utg\u00e5r ifr\u00e5n att sexuella problem \u00e4r symtom som har psykiska eller relationella orsaker. Precis som stress kan s\u00e4tta sig i sp\u00e4nda axlar eller mage och oro kan ge v\u00e4rk i leder eller huvud s\u00e5 p\u00e5verkar ditt psykiska m\u00e5ende din sexualitet.<\/p>\n<p>Det \u00e4r bra om du tr\u00e4ffar en l\u00e4kare som kan utesluta fysiska orsaker.<\/p>\n<p>Ring eller maila oss om du \u00e4r os\u00e4ker.<\/p>\n<p><a href=\"mailto:charlotte@narhetsakuten.se\">charlotte@narhetsakuten.se<\/a><\/p>\n<p>Tel: 070 721 75 98<\/p>\n<p>[\/et_pb_text][\/et_pb_column][\/et_pb_row][et_pb_row _builder_version=&#8221;4.27.0&#8243; _module_preset=&#8221;default&#8221; global_colors_info=&#8221;{}&#8221;][et_pb_column type=&#8221;4_4&#8243; _builder_version=&#8221;4.27.0&#8243; _module_preset=&#8221;default&#8221; global_colors_info=&#8221;{}&#8221;][et_pb_button button_url=&#8221;mailto:charlotte@narhetsakuten.se&#8221; url_new_window=&#8221;on&#8221; button_text=&#8221;BOKA TID&#8221; button_alignment=&#8221;center&#8221; _builder_version=&#8221;4.27.0&#8243; _module_preset=&#8221;default&#8221; custom_button=&#8221;on&#8221; button_text_color=&#8221;#FFFFFF&#8221; button_bg_color=&#8221;#A09F8D&#8221; button_border_width=&#8221;0px&#8221; global_colors_info=&#8221;{}&#8221;][\/et_pb_button][\/et_pb_column][\/et_pb_row][\/et_pb_section][et_pb_section fb_built=&#8221;1&#8243; _builder_version=&#8221;4.27.0&#8243; _module_preset=&#8221;default&#8221; background_enable_color=&#8221;off&#8221; use_background_color_gradient=&#8221;on&#8221; background_color_gradient_stops=&#8221;rgba(49,49,47,0.56) 0%|rgba(255,255,255,0) 100%&#8221; background_image=&#8221;https:\/\/dev.narhetsakuten.se\/wp-content\/uploads\/2024\/09\/IMG_7681-webb.jpg&#8221; background_position=&#8221;top_center&#8221; background_blend=&#8221;darken&#8221; custom_padding=&#8221;4vw||7vw||false|false&#8221; global_colors_info=&#8221;{}&#8221;][et_pb_row _builder_version=&#8221;4.27.0&#8243; _module_preset=&#8221;default&#8221; custom_padding=&#8221;||||false|false&#8221; global_colors_info=&#8221;{}&#8221;][et_pb_column type=&#8221;4_4&#8243; _builder_version=&#8221;4.27.0&#8243; _module_preset=&#8221;default&#8221; global_colors_info=&#8221;{}&#8221;][et_pb_text _builder_version=&#8221;4.27.0&#8243; _module_preset=&#8221;e7ba995e-fa32-4d11-bb65-4e4509d6d286&#8243; header_2_font=&#8221;Cormorant Garamond|700||on|||||&#8221; header_3_font=&#8221;|700||on|||||&#8221; header_3_text_color=&#8221;#FFFFFF&#8221; header_3_font_size=&#8221;36px&#8221; header_3_letter_spacing=&#8221;1px&#8221; text_orientation=&#8221;center&#8221; custom_margin=&#8221;||10px||false|false&#8221; header_2_font_size_tablet=&#8221;40px&#8221; header_2_font_size_phone=&#8221;30px&#8221; header_2_font_size_last_edited=&#8221;on|phone&#8221; header_3_font_size_tablet=&#8221;32px&#8221; header_3_font_size_phone=&#8221;22px&#8221; header_3_font_size_last_edited=&#8221;on|phone&#8221; global_colors_info=&#8221;{}&#8221;]<\/p>\n<h3 style=\"text-align: center;\">Problem vi kan hj\u00e4lpa dig med<\/h3>\n<p>[\/et_pb_text][\/et_pb_column][\/et_pb_row][et_pb_row column_structure=&#8221;1_3,1_3,1_3&#8243; use_custom_gutter=&#8221;on&#8221; gutter_width=&#8221;2&#8243; _builder_version=&#8221;4.27.0&#8243; _module_preset=&#8221;default&#8221; global_colors_info=&#8221;{}&#8221;][et_pb_column type=&#8221;1_3&#8243; _builder_version=&#8221;4.27.0&#8243; _module_preset=&#8221;default&#8221; background_color=&#8221;#E5E1D8&#8243; global_colors_info=&#8221;{}&#8221;][et_pb_text _builder_version=&#8221;4.27.0&#8243; _module_preset=&#8221;a7846e6b-a3c3-4845-b42c-e503c58f1a55&#8243; text_font=&#8221;|300|||||||&#8221; text_font_size=&#8221;14px&#8221; text_line_height=&#8221;1.7em&#8221; custom_padding=&#8221;2vw|3vw|1vw|3vw|false|true&#8221; hover_enabled=&#8221;0&#8243; global_colors_info=&#8221;{}&#8221; text_letter_spacing=&#8221;1px&#8221; sticky_enabled=&#8221;0&#8243;]<\/p>\n<ul>\n<li>Impotens<\/li>\n<li>Erektionssvikt<\/li>\n<li>Tidig utl\u00f6sning<\/li>\n<li>F\u00f6rdr\u00f6jd utl\u00f6sning<\/li>\n<li>Sexuell olust<\/li>\n<li>Anorgasmi<\/li>\n<li>Sexmissbruk<\/li>\n<\/ul>\n<p>[\/et_pb_text][\/et_pb_column][et_pb_column type=&#8221;1_3&#8243; _builder_version=&#8221;4.27.0&#8243; _module_preset=&#8221;default&#8221; background_color=&#8221;rgba(160,159,141,0.89)&#8221; global_colors_info=&#8221;{}&#8221;][et_pb_text _builder_version=&#8221;4.27.0&#8243; _module_preset=&#8221;a7846e6b-a3c3-4845-b42c-e503c58f1a55&#8243; text_font=&#8221;|300|||||||&#8221; text_text_color=&#8221;#FFFFFF&#8221; text_font_size=&#8221;14px&#8221; text_line_height=&#8221;1.7em&#8221; custom_padding=&#8221;2vw|3vw|1vw|3vw|false|true&#8221; hover_enabled=&#8221;0&#8243; global_colors_info=&#8221;{}&#8221; text_letter_spacing=&#8221;1px&#8221; sticky_enabled=&#8221;0&#8243;]<\/p>\n<ul>\n<li>Otrohet<\/li>\n<li>F\u00f6r\u00e4ndrad sexualitet efter operation, barnaf\u00f6dande etc<\/li>\n<li>Vestibulit<\/li>\n<li>Sm\u00e4rta vid samlag<\/li>\n<li>Vaginism<\/li>\n<li>Kommunikationssv\u00e5righeter<\/li>\n<li>Aggressivitet<\/li>\n<\/ul>\n<p>[\/et_pb_text][\/et_pb_column][et_pb_column type=&#8221;1_3&#8243; _builder_version=&#8221;4.27.0&#8243; _module_preset=&#8221;default&#8221; background_color=&#8221;rgba(197,197,185,0.9)&#8221; global_colors_info=&#8221;{}&#8221;][et_pb_text _builder_version=&#8221;4.27.0&#8243; _module_preset=&#8221;a7846e6b-a3c3-4845-b42c-e503c58f1a55&#8243; text_font=&#8221;|300|||||||&#8221; text_text_color=&#8221;#FFFFFF&#8221; text_font_size=&#8221;14px&#8221; text_line_height=&#8221;1.7em&#8221; custom_padding=&#8221;2vw|3vw|1vw|3vw|false|true&#8221; hover_enabled=&#8221;0&#8243; global_colors_info=&#8221;{}&#8221; text_letter_spacing=&#8221;1px&#8221; sticky_enabled=&#8221;0&#8243;]<\/p>\n<ul>\n<li>Passiv aggressivitet<\/li>\n<li>Depression<\/li>\n<li>\u00c5ngest &amp; panik\u00e5ngest<\/li>\n<li>Skilsm\u00e4ssa<\/li>\n<li>Stress<\/li>\n<li>S\u00f6mnsv\u00e5righeter<\/li>\n<\/ul>\n<p>[\/et_pb_text][\/et_pb_column][\/et_pb_row][\/et_pb_section]<\/p>\n","protected":false},"excerpt":{"rendered":"<p>N\u00e4rhetsakutenSexuella problemSexuella problem som du kan s\u00f6ka f\u00f6r hos sexologV\u00e5ra kroppar \u00e4r smarta, ibland smartare \u00e4n vi tror. Kroppen s\u00e4nder ut signaler till oss n\u00e4r n\u00e5got k\u00e4nns fel. Den signalerar med kroppsliga symtom s\u00e5 vi ska stanna upp och f\u00f6rs\u00f6ka f\u00f6rst\u00e5 vad det \u00e4r som inte fungerar. Man kan f\u00e5 ont i axlar eller huvud [&hellip;]<\/p>\n","protected":false},"author":1,"featured_media":0,"parent":0,"menu_order":0,"comment_status":"closed","ping_status":"closed","template":"","meta":{"_et_pb_use_builder":"on","_et_pb_old_content":"","_et_gb_content_width":"","footnotes":""},"class_list":["post-174","page","type-page","status-publish","hentry"],"yoast_head":"<!-- This site is optimized with the Yoast SEO plugin v23.5 - https:\/\/yoast.com\/wordpress\/plugins\/seo\/ -->\n<title>Sexuella problem - N\u00e4rhetsakuten<\/title>\n<meta name=\"robots\" content=\"index, follow, max-snippet:-1, max-image-preview:large, max-video-preview:-1\" \/>\n<link rel=\"canonical\" href=\"https:\/\/dev.narhetsakuten.se\/index.php\/sexuella-problem\/\" \/>\n<meta property=\"og:locale\" content=\"sv_SE\" \/>\n<meta property=\"og:type\" content=\"article\" \/>\n<meta property=\"og:title\" content=\"Sexuella problem - N\u00e4rhetsakuten\" \/>\n<meta property=\"og:description\" content=\"N\u00e4rhetsakutenSexuella problemSexuella problem som du kan s\u00f6ka f\u00f6r hos sexologV\u00e5ra kroppar \u00e4r smarta, ibland smartare \u00e4n vi tror. Kroppen s\u00e4nder ut signaler till oss n\u00e4r n\u00e5got k\u00e4nns fel. Den signalerar med kroppsliga symtom s\u00e5 vi ska stanna upp och f\u00f6rs\u00f6ka f\u00f6rst\u00e5 vad det \u00e4r som inte fungerar. Man kan f\u00e5 ont i axlar eller huvud [&hellip;]\" \/>\n<meta property=\"og:url\" content=\"https:\/\/dev.narhetsakuten.se\/index.php\/sexuella-problem\/\" \/>\n<meta property=\"og:site_name\" content=\"N\u00e4rhetsakuten\" \/>\n<meta property=\"article:modified_time\" content=\"2024-09-13T13:03:57+00:00\" \/>\n<meta name=\"twitter:card\" content=\"summary_large_image\" \/>\n<script type=\"application\/ld+json\" class=\"yoast-schema-graph\">{\"@context\":\"https:\/\/schema.org\",\"@graph\":[{\"@type\":\"WebPage\",\"@id\":\"https:\/\/dev.narhetsakuten.se\/index.php\/sexuella-problem\/\",\"url\":\"https:\/\/dev.narhetsakuten.se\/index.php\/sexuella-problem\/\",\"name\":\"Sexuella problem - N\u00e4rhetsakuten\",\"isPartOf\":{\"@id\":\"https:\/\/dev.narhetsakuten.se\/#website\"},\"datePublished\":\"2024-09-08T19:02:53+00:00\",\"dateModified\":\"2024-09-13T13:03:57+00:00\",\"breadcrumb\":{\"@id\":\"https:\/\/dev.narhetsakuten.se\/index.php\/sexuella-problem\/#breadcrumb\"},\"inLanguage\":\"sv-SE\",\"potentialAction\":[{\"@type\":\"ReadAction\",\"target\":[\"https:\/\/dev.narhetsakuten.se\/index.php\/sexuella-problem\/\"]}]},{\"@type\":\"BreadcrumbList\",\"@id\":\"https:\/\/dev.narhetsakuten.se\/index.php\/sexuella-problem\/#breadcrumb\",\"itemListElement\":[{\"@type\":\"ListItem\",\"position\":1,\"name\":\"Hem\",\"item\":\"https:\/\/dev.narhetsakuten.se\/\"},{\"@type\":\"ListItem\",\"position\":2,\"name\":\"Sexuella problem\"}]},{\"@type\":\"WebSite\",\"@id\":\"https:\/\/dev.narhetsakuten.se\/#website\",\"url\":\"https:\/\/dev.narhetsakuten.se\/\",\"name\":\"N\u00e4rhetsakuten\",\"description\":\"Sexolog och leg. psykoterapeut\",\"potentialAction\":[{\"@type\":\"SearchAction\",\"target\":{\"@type\":\"EntryPoint\",\"urlTemplate\":\"https:\/\/dev.narhetsakuten.se\/?s={search_term_string}\"},\"query-input\":{\"@type\":\"PropertyValueSpecification\",\"valueRequired\":true,\"valueName\":\"search_term_string\"}}],\"inLanguage\":\"sv-SE\"}]}<\/script>\n<!-- \/ Yoast SEO plugin. -->","yoast_head_json":{"title":"Sexuella problem - N\u00e4rhetsakuten","robots":{"index":"index","follow":"follow","max-snippet":"max-snippet:-1","max-image-preview":"max-image-preview:large","max-video-preview":"max-video-preview:-1"},"canonical":"https:\/\/dev.narhetsakuten.se\/index.php\/sexuella-problem\/","og_locale":"sv_SE","og_type":"article","og_title":"Sexuella problem - N\u00e4rhetsakuten","og_description":"N\u00e4rhetsakutenSexuella problemSexuella problem som du kan s\u00f6ka f\u00f6r hos sexologV\u00e5ra kroppar \u00e4r smarta, ibland smartare \u00e4n vi tror. Kroppen s\u00e4nder ut signaler till oss n\u00e4r n\u00e5got k\u00e4nns fel. Den signalerar med kroppsliga symtom s\u00e5 vi ska stanna upp och f\u00f6rs\u00f6ka f\u00f6rst\u00e5 vad det \u00e4r som inte fungerar. Man kan f\u00e5 ont i axlar eller huvud [&hellip;]","og_url":"https:\/\/dev.narhetsakuten.se\/index.php\/sexuella-problem\/","og_site_name":"N\u00e4rhetsakuten","article_modified_time":"2024-09-13T13:03:57+00:00","twitter_card":"summary_large_image","schema":{"@context":"https:\/\/schema.org","@graph":[{"@type":"WebPage","@id":"https:\/\/dev.narhetsakuten.se\/index.php\/sexuella-problem\/","url":"https:\/\/dev.narhetsakuten.se\/index.php\/sexuella-problem\/","name":"Sexuella problem - N\u00e4rhetsakuten","isPartOf":{"@id":"https:\/\/dev.narhetsakuten.se\/#website"},"datePublished":"2024-09-08T19:02:53+00:00","dateModified":"2024-09-13T13:03:57+00:00","breadcrumb":{"@id":"https:\/\/dev.narhetsakuten.se\/index.php\/sexuella-problem\/#breadcrumb"},"inLanguage":"sv-SE","potentialAction":[{"@type":"ReadAction","target":["https:\/\/dev.narhetsakuten.se\/index.php\/sexuella-problem\/"]}]},{"@type":"BreadcrumbList","@id":"https:\/\/dev.narhetsakuten.se\/index.php\/sexuella-problem\/#breadcrumb","itemListElement":[{"@type":"ListItem","position":1,"name":"Hem","item":"https:\/\/dev.narhetsakuten.se\/"},{"@type":"ListItem","position":2,"name":"Sexuella problem"}]},{"@type":"WebSite","@id":"https:\/\/dev.narhetsakuten.se\/#website","url":"https:\/\/dev.narhetsakuten.se\/","name":"N\u00e4rhetsakuten","description":"Sexolog och leg. psykoterapeut","potentialAction":[{"@type":"SearchAction","target":{"@type":"EntryPoint","urlTemplate":"https:\/\/dev.narhetsakuten.se\/?s={search_term_string}"},"query-input":{"@type":"PropertyValueSpecification","valueRequired":true,"valueName":"search_term_string"}}],"inLanguage":"sv-SE"}]}},"_links":{"self":[{"href":"https:\/\/dev.narhetsakuten.se\/index.php\/wp-json\/wp\/v2\/pages\/174","targetHints":{"allow":["GET"]}}],"collection":[{"href":"https:\/\/dev.narhetsakuten.se\/index.php\/wp-json\/wp\/v2\/pages"}],"about":[{"href":"https:\/\/dev.narhetsakuten.se\/index.php\/wp-json\/wp\/v2\/types\/page"}],"author":[{"embeddable":true,"href":"https:\/\/dev.narhetsakuten.se\/index.php\/wp-json\/wp\/v2\/users\/1"}],"replies":[{"embeddable":true,"href":"https:\/\/dev.narhetsakuten.se\/index.php\/wp-json\/wp\/v2\/comments?post=174"}],"version-history":[{"count":8,"href":"https:\/\/dev.narhetsakuten.se\/index.php\/wp-json\/wp\/v2\/pages\/174\/revisions"}],"predecessor-version":[{"id":208,"href":"https:\/\/dev.narhetsakuten.se\/index.php\/wp-json\/wp\/v2\/pages\/174\/revisions\/208"}],"wp:attachment":[{"href":"https:\/\/dev.narhetsakuten.se\/index.php\/wp-json\/wp\/v2\/media?parent=174"}],"curies":[{"name":"wp","href":"https:\/\/api.w.org\/{rel}","templated":true}]}}