{"id":193,"date":"2024-09-08T19:26:04","date_gmt":"2024-09-08T19:26:04","guid":{"rendered":"https:\/\/dev.narhetsakuten.se\/?page_id=193"},"modified":"2024-09-08T19:43:09","modified_gmt":"2024-09-08T19:43:09","slug":"anknytningsmonster-och-sexualitet","status":"publish","type":"page","link":"https:\/\/dev.narhetsakuten.se\/index.php\/anknytningsmonster-och-sexualitet\/","title":{"rendered":"Anknytningsm\u00f6nster och sexualitet"},"content":{"rendered":"<p>[et_pb_section fb_built=&#8221;1&#8243; _builder_version=&#8221;4.27.0&#8243; _module_preset=&#8221;default&#8221; use_background_color_gradient=&#8221;on&#8221; background_color_gradient_direction=&#8221;123deg&#8221; background_color_gradient_stops=&#8221;rgba(49,49,47,0.64) 0%|rgba(255,255,255,0) 100%&#8221; background_image=&#8221;https:\/\/dev.narhetsakuten.se\/wp-content\/uploads\/2024\/09\/IMG_6729-1920.jpg&#8221; background_blend=&#8221;darken&#8221; custom_padding=&#8221;17em||17em||false|false&#8221; hover_enabled=&#8221;0&#8243; global_colors_info=&#8221;{}&#8221; theme_builder_area=&#8221;post_content&#8221; alt=&#8221;Anknytningsm\u00f6nster och sexualitet&#8221; title_text=&#8221;IMG_6729-1920&#8243; sticky_enabled=&#8221;0&#8243;][et_pb_row _builder_version=&#8221;4.20.0&#8243; _module_preset=&#8221;default&#8221; global_colors_info=&#8221;{}&#8221; theme_builder_area=&#8221;post_content&#8221;][et_pb_column type=&#8221;4_4&#8243; _builder_version=&#8221;4.20.0&#8243; _module_preset=&#8221;default&#8221; global_colors_info=&#8221;{}&#8221; theme_builder_area=&#8221;post_content&#8221;][et_pb_text _builder_version=&#8221;4.27.0&#8243; _module_preset=&#8221;dd09815b-9204-45fb-8e57-4de9a6d634d4&#8243; header_text_color=&#8221;#910068&#8243; header_4_text_color=&#8221;#FFFFFF&#8221; header_4_font_size=&#8221;16px&#8221; text_orientation=&#8221;center&#8221; header_4_font_size_tablet=&#8221;16px&#8221; header_4_font_size_phone=&#8221;14px&#8221; header_4_font_size_last_edited=&#8221;on|desktop&#8221; global_colors_info=&#8221;{}&#8221; theme_builder_area=&#8221;post_content&#8221;]<\/p>\n<h4>N\u00e4rhetsakuten<\/h4>\n<p>[\/et_pb_text][et_pb_text _builder_version=&#8221;4.27.0&#8243; _module_preset=&#8221;48771a93-e30b-4478-8744-d98ad35cce2c&#8221; header_font=&#8221;Cormorant Garamond|700|||||||&#8221; header_text_color=&#8221;#FFFFFF&#8221; header_letter_spacing=&#8221;0.1em&#8221; text_orientation=&#8221;center&#8221; hover_enabled=&#8221;0&#8243; header_font_size_tablet=&#8221;60px&#8221; header_font_size_phone=&#8221;30px&#8221; global_colors_info=&#8221;{}&#8221; theme_builder_area=&#8221;post_content&#8221; header_font_size=&#8221;70px&#8221; sticky_enabled=&#8221;0&#8243;]<\/p>\n<h1>Anknytningsm\u00f6nster och sexualitet<\/h1>\n<p>[\/et_pb_text][\/et_pb_column][\/et_pb_row][\/et_pb_section][et_pb_section fb_built=&#8221;1&#8243; admin_label=&#8221;Packages&#8221; _builder_version=&#8221;4.27.0&#8243; _module_preset=&#8221;default&#8221; background_color=&#8221;rgba(229,225,216,0.58)&#8221; hover_enabled=&#8221;0&#8243; collapsed=&#8221;on&#8221; global_colors_info=&#8221;{}&#8221; theme_builder_area=&#8221;post_content&#8221; custom_padding=&#8221;||1vw||false|false&#8221; sticky_enabled=&#8221;0&#8243;][et_pb_row column_structure=&#8221;1_2,1_2&#8243; _builder_version=&#8221;4.27.0&#8243; _module_preset=&#8221;default&#8221; global_colors_info=&#8221;{}&#8221; theme_builder_area=&#8221;post_content&#8221;][et_pb_column type=&#8221;1_2&#8243; _builder_version=&#8221;4.27.0&#8243; _module_preset=&#8221;default&#8221; custom_padding=&#8221;||||true|true&#8221; custom_padding_tablet=&#8221;||||false|false&#8221; custom_padding_phone=&#8221;||||false|false&#8221; custom_padding_last_edited=&#8221;on|desktop&#8221; global_colors_info=&#8221;{}&#8221; theme_builder_area=&#8221;post_content&#8221;][et_pb_text _builder_version=&#8221;4.27.0&#8243; _module_preset=&#8221;default&#8221; hover_enabled=&#8221;0&#8243; global_colors_info=&#8221;{}&#8221; theme_builder_area=&#8221;post_content&#8221; sticky_enabled=&#8221;0&#8243;]<\/p>\n<p>De m\u00f6nster vi anknyter till n\u00e4ra personer med \u00e4r inl\u00e4rda m\u00f6nster sedan tidiga relationer med f\u00f6r\u00e4ldrarna. Barn vill ha k\u00e4rlek, uppm\u00e4rksamhet och omtanke av f\u00f6r\u00e4ldrarna och anpassar sig f\u00f6r att f\u00e5 s\u00e5 mycket som m\u00f6jligt av det.<\/p>\n<p>Om det l\u00f6nar sig att trycka ner k\u00e4nslor som r\u00e4dsla och aggressivitet s\u00e5 att barnet f\u00e5r mer positiv bekr\u00e4ftelse om det l\u00e4gger band p\u00e5 k\u00e4nslor s\u00e5 g\u00f6r barnet det.<\/p>\n<p>[\/et_pb_text][\/et_pb_column][et_pb_column type=&#8221;1_2&#8243; _builder_version=&#8221;4.27.0&#8243; _module_preset=&#8221;default&#8221; custom_padding=&#8221;||||true|true&#8221; custom_padding_tablet=&#8221;||||false|false&#8221; custom_padding_phone=&#8221;||||false|false&#8221; custom_padding_last_edited=&#8221;on|tablet&#8221; global_colors_info=&#8221;{}&#8221; theme_builder_area=&#8221;post_content&#8221;][et_pb_text _builder_version=&#8221;4.27.0&#8243; _module_preset=&#8221;default&#8221; hover_enabled=&#8221;0&#8243; global_colors_info=&#8221;{}&#8221; theme_builder_area=&#8221;post_content&#8221; sticky_enabled=&#8221;0&#8243;]<\/p>\n<p>Om det ist\u00e4llet ger mer uppm\u00e4rksamhet ju mer barnet br\u00e5kar , skriker och uttrycker k\u00e4nslor s\u00e5 l\u00e4r det sig att det \u00e4r b\u00e4sta s\u00e4ttet att relatera f\u00f6r att f\u00e5 s\u00e5 mycket som m\u00f6jligt ut av relationer.<\/p>\n<p>[\/et_pb_text][\/et_pb_column][\/et_pb_row][\/et_pb_section][et_pb_section fb_built=&#8221;1&#8243; theme_builder_area=&#8221;post_content&#8221; _builder_version=&#8221;4.27.0&#8243; _module_preset=&#8221;default&#8221; background_color=&#8221;rgba(197,197,185,0.56)&#8221; hover_enabled=&#8221;0&#8243; sticky_enabled=&#8221;0&#8243; custom_padding=&#8221;1vw||1vw||true|false&#8221;][et_pb_row column_structure=&#8221;1_2,1_2&#8243; _builder_version=&#8221;4.27.0&#8243; _module_preset=&#8221;default&#8221; global_colors_info=&#8221;{}&#8221; theme_builder_area=&#8221;post_content&#8221;][et_pb_column type=&#8221;1_2&#8243; _builder_version=&#8221;4.27.0&#8243; _module_preset=&#8221;default&#8221; global_colors_info=&#8221;{}&#8221; theme_builder_area=&#8221;post_content&#8221;][et_pb_text _builder_version=&#8221;4.27.0&#8243; _module_preset=&#8221;default&#8221; hover_enabled=&#8221;0&#8243; global_colors_info=&#8221;{}&#8221; theme_builder_area=&#8221;post_content&#8221; sticky_enabled=&#8221;0&#8243;]<\/p>\n<p><strong>Anknytningsm\u00f6nstret aktiveras i n\u00e4ra relationer som vuxen. M\u00e5nga \u00e4r trygga i sin anknytning men v\u00e4ldigt m\u00e5nga \u00e4r otrygga.<\/strong><\/p>\n<p>En otrygg-undvikande anknytning kan visa sig i vuxna, n\u00e4ra relationer i former av erektionssvikt, l\u00e5g sexlust, vaginism, f\u00f6rdr\u00f6jd utl\u00f6sning\/orgasm, otrohet, porrmissbruk eller of\u00f6rm\u00e5ga att ta sexuella initiativ. Alla dessa symtom \u00e4r f\u00f6ljden av att man undviker n\u00e4rhet och d\u00e4rmed undviker sex.<\/p>\n<p>En otrygg-undvikande person v\u00e5gar ofta inte uttrycka sina k\u00e4nslor. Aggressivitet, r\u00e4dsla eller sexlust d\u00e4mpas vilket \u00e4r ett undvikande och kan uppfattas som avvisande av partnern. Ist\u00e4llet anv\u00e4nder otrygga-undvikande personer sig mycket av sina tankar, tankel\u00e4ser andra, analyserar och vrider och v\u00e4nder p\u00e5 saker i sitt eget huvud utan att kommunicera.<\/p>\n<p>[\/et_pb_text][\/et_pb_column][et_pb_column type=&#8221;1_2&#8243; _builder_version=&#8221;4.27.0&#8243; _module_preset=&#8221;default&#8221; global_colors_info=&#8221;{}&#8221; theme_builder_area=&#8221;post_content&#8221;][et_pb_text _builder_version=&#8221;4.27.0&#8243; _module_preset=&#8221;default&#8221; hover_enabled=&#8221;0&#8243; global_colors_info=&#8221;{}&#8221; theme_builder_area=&#8221;post_content&#8221; sticky_enabled=&#8221;0&#8243;]<\/p>\n<p>En otrygg-ambivalent anknytning pr\u00e4glas av ett st\u00e4ndigt bekr\u00e4ftelses\u00f6kande sexuellt som visar sig t ex i stark sexlust, porrmissbruk, sexuell prestations\u00e5ngest och f\u00f6r tidig utl\u00f6sning.<\/p>\n<p>Prestationskraven kan dra ner sexlusten s\u00e5 \u00e4ven en ambivalent person drabbas av sexuell olust eller erektionssvikt. Personer med ambivalent anknytningsm\u00f6nster vill ha hela sin partner mycket av tiden och tar det h\u00e5rt om partnern avvisar. D\u00e5 avvisar han\/hon tillbaka rej\u00e4lt, kanske skriker fula ord eller vill avsluta relationen.<\/p>\n<p>Otrygga-ambivalenta personer lever ut sina k\u00e4nslor, aggressivitet, r\u00e4dsla och sexlust fl\u00f6dar fritt, ibland utan att t\u00e4nka efter f\u00f6re.<\/p>\n<p><em>I terapin arbetar vi med att synligg\u00f6ra dina anknytningsm\u00f6nster s\u00e5 det g\u00e5r att f\u00f6rst\u00e5 beteendet i nutid. Du f\u00e5r nya verktyg att hitta ett samarbete mellan tanke, k\u00e4nsla och handling.<\/em><\/p>\n<p>[\/et_pb_text][\/et_pb_column][\/et_pb_row][\/et_pb_section][et_pb_section fb_built=&#8221;1&#8243; theme_builder_area=&#8221;post_content&#8221; _builder_version=&#8221;4.27.0&#8243; _module_preset=&#8221;default&#8221; custom_margin=&#8221;0px||||false|false&#8221; custom_padding=&#8221;0px||||false|false&#8221; hover_enabled=&#8221;0&#8243; sticky_enabled=&#8221;0&#8243;][et_pb_row column_structure=&#8221;1_2,1_2&#8243; _builder_version=&#8221;4.27.0&#8243; _module_preset=&#8221;default&#8221; hover_enabled=&#8221;0&#8243; global_colors_info=&#8221;{}&#8221; theme_builder_area=&#8221;post_content&#8221; sticky_enabled=&#8221;0&#8243;][et_pb_column type=&#8221;1_2&#8243; _builder_version=&#8221;4.27.0&#8243; _module_preset=&#8221;default&#8221; hover_enabled=&#8221;0&#8243; global_colors_info=&#8221;{}&#8221; theme_builder_area=&#8221;post_content&#8221; custom_padding=&#8221;||||false|false&#8221; sticky_enabled=&#8221;0&#8243;][et_pb_image src=&#8221;https:\/\/dev.narhetsakuten.se\/wp-content\/uploads\/2024\/09\/IMG_2216-webb.jpg&#8221; _builder_version=&#8221;4.27.0&#8243; _module_preset=&#8221;default&#8221; theme_builder_area=&#8221;post_content&#8221; title_text=&#8221;IMG_2216-webb&#8221; hover_enabled=&#8221;0&#8243; sticky_enabled=&#8221;0&#8243; custom_margin=&#8221;-60px||||false|false&#8221;][\/et_pb_image][\/et_pb_column][et_pb_column type=&#8221;1_2&#8243; _builder_version=&#8221;4.27.0&#8243; _module_preset=&#8221;default&#8221; hover_enabled=&#8221;0&#8243; global_colors_info=&#8221;{}&#8221; theme_builder_area=&#8221;post_content&#8221; sticky_enabled=&#8221;0&#8243; custom_padding=&#8221;3vw||||false|false&#8221;][et_pb_text _builder_version=&#8221;4.27.0&#8243; _module_preset=&#8221;dd209da2-b310-4e63-bbfc-9e182e413596&#8243; header_5_font=&#8221;Cormorant Garamond|700|||||||&#8221; header_5_font_size=&#8221;20px&#8221; header_5_letter_spacing=&#8221;0.1em&#8221; custom_margin=&#8221;||10px||false|false&#8221; hover_enabled=&#8221;0&#8243; header_5_font_size_tablet=&#8221;20px&#8221; header_5_font_size_phone=&#8221;18px&#8221; header_5_font_size_last_edited=&#8221;on|phone&#8221; global_colors_info=&#8221;{}&#8221; theme_builder_area=&#8221;post_content&#8221; sticky_enabled=&#8221;0&#8243;]<\/p>\n<h5>AAI, Adult Attachment Interview<\/h5>\n<p>[\/et_pb_text][et_pb_text _builder_version=&#8221;4.27.0&#8243; _module_preset=&#8221;default&#8221; hover_enabled=&#8221;0&#8243; global_colors_info=&#8221;{}&#8221; theme_builder_area=&#8221;post_content&#8221; sticky_enabled=&#8221;0&#8243;]<\/p>\n<p>Jag har g\u00e5tt min anknytningsutbildning hos Patricia Crittenden och Andrea Landini i Reggio Emilia i Italien.<\/p>\n<p>Utbildningen heter AAI, Adult Attachment Interview och d\u00e4r l\u00e4r de ut hur man kan g\u00f6ra en anknytningsintervju och hur den sedan kodas genom att analysera HUR vi pratar om barndomen och de n\u00e4ra relationerna.<\/p>\n<p>AAI \u00e4r ett s\u00e4kert s\u00e4tt att ta reda p\u00e5 sitt anknytningsm\u00f6nster men det \u00e4r tyv\u00e4rr v\u00e4ldigt tidskr\u00e4vande. Intervjun tar 1,5-2,5 timmar och kodningen tar ca 10 timmar att g\u00f6ra.<\/p>\n<p>[\/et_pb_text][\/et_pb_column][\/et_pb_row][\/et_pb_section]<\/p>\n","protected":false},"excerpt":{"rendered":"<p>N\u00e4rhetsakutenAnknytningsm\u00f6nster och sexualitetDe m\u00f6nster vi anknyter till n\u00e4ra personer med \u00e4r inl\u00e4rda m\u00f6nster sedan tidiga relationer med f\u00f6r\u00e4ldrarna. Barn vill ha k\u00e4rlek, uppm\u00e4rksamhet och omtanke av f\u00f6r\u00e4ldrarna och anpassar sig f\u00f6r att f\u00e5 s\u00e5 mycket som m\u00f6jligt av det. Om det l\u00f6nar sig att trycka ner k\u00e4nslor som r\u00e4dsla och aggressivitet s\u00e5 att barnet f\u00e5r [&hellip;]<\/p>\n","protected":false},"author":1,"featured_media":0,"parent":0,"menu_order":0,"comment_status":"closed","ping_status":"closed","template":"","meta":{"_et_pb_use_builder":"on","_et_pb_old_content":"","_et_gb_content_width":"","footnotes":""},"class_list":["post-193","page","type-page","status-publish","hentry"],"yoast_head":"<!-- This site is optimized with the Yoast SEO plugin v23.5 - https:\/\/yoast.com\/wordpress\/plugins\/seo\/ -->\n<title>Anknytningsm\u00f6nster och sexualitet - N\u00e4rhetsakuten<\/title>\n<meta name=\"robots\" content=\"index, follow, max-snippet:-1, max-image-preview:large, max-video-preview:-1\" \/>\n<link rel=\"canonical\" href=\"https:\/\/dev.narhetsakuten.se\/index.php\/anknytningsmonster-och-sexualitet\/\" \/>\n<meta property=\"og:locale\" content=\"sv_SE\" \/>\n<meta property=\"og:type\" content=\"article\" \/>\n<meta property=\"og:title\" content=\"Anknytningsm\u00f6nster och sexualitet - N\u00e4rhetsakuten\" \/>\n<meta property=\"og:description\" content=\"N\u00e4rhetsakutenAnknytningsm\u00f6nster och sexualitetDe m\u00f6nster vi anknyter till n\u00e4ra personer med \u00e4r inl\u00e4rda m\u00f6nster sedan tidiga relationer med f\u00f6r\u00e4ldrarna. Barn vill ha k\u00e4rlek, uppm\u00e4rksamhet och omtanke av f\u00f6r\u00e4ldrarna och anpassar sig f\u00f6r att f\u00e5 s\u00e5 mycket som m\u00f6jligt av det. Om det l\u00f6nar sig att trycka ner k\u00e4nslor som r\u00e4dsla och aggressivitet s\u00e5 att barnet f\u00e5r [&hellip;]\" \/>\n<meta property=\"og:url\" content=\"https:\/\/dev.narhetsakuten.se\/index.php\/anknytningsmonster-och-sexualitet\/\" \/>\n<meta property=\"og:site_name\" content=\"N\u00e4rhetsakuten\" \/>\n<meta property=\"article:modified_time\" content=\"2024-09-08T19:43:09+00:00\" \/>\n<meta name=\"twitter:card\" content=\"summary_large_image\" \/>\n<script type=\"application\/ld+json\" class=\"yoast-schema-graph\">{\"@context\":\"https:\/\/schema.org\",\"@graph\":[{\"@type\":\"WebPage\",\"@id\":\"https:\/\/dev.narhetsakuten.se\/index.php\/anknytningsmonster-och-sexualitet\/\",\"url\":\"https:\/\/dev.narhetsakuten.se\/index.php\/anknytningsmonster-och-sexualitet\/\",\"name\":\"Anknytningsm\u00f6nster och sexualitet - N\u00e4rhetsakuten\",\"isPartOf\":{\"@id\":\"https:\/\/dev.narhetsakuten.se\/#website\"},\"datePublished\":\"2024-09-08T19:26:04+00:00\",\"dateModified\":\"2024-09-08T19:43:09+00:00\",\"breadcrumb\":{\"@id\":\"https:\/\/dev.narhetsakuten.se\/index.php\/anknytningsmonster-och-sexualitet\/#breadcrumb\"},\"inLanguage\":\"sv-SE\",\"potentialAction\":[{\"@type\":\"ReadAction\",\"target\":[\"https:\/\/dev.narhetsakuten.se\/index.php\/anknytningsmonster-och-sexualitet\/\"]}]},{\"@type\":\"BreadcrumbList\",\"@id\":\"https:\/\/dev.narhetsakuten.se\/index.php\/anknytningsmonster-och-sexualitet\/#breadcrumb\",\"itemListElement\":[{\"@type\":\"ListItem\",\"position\":1,\"name\":\"Hem\",\"item\":\"https:\/\/dev.narhetsakuten.se\/\"},{\"@type\":\"ListItem\",\"position\":2,\"name\":\"Anknytningsm\u00f6nster och sexualitet\"}]},{\"@type\":\"WebSite\",\"@id\":\"https:\/\/dev.narhetsakuten.se\/#website\",\"url\":\"https:\/\/dev.narhetsakuten.se\/\",\"name\":\"N\u00e4rhetsakuten\",\"description\":\"Sexolog och leg. psykoterapeut\",\"potentialAction\":[{\"@type\":\"SearchAction\",\"target\":{\"@type\":\"EntryPoint\",\"urlTemplate\":\"https:\/\/dev.narhetsakuten.se\/?s={search_term_string}\"},\"query-input\":{\"@type\":\"PropertyValueSpecification\",\"valueRequired\":true,\"valueName\":\"search_term_string\"}}],\"inLanguage\":\"sv-SE\"}]}<\/script>\n<!-- \/ Yoast SEO plugin. -->","yoast_head_json":{"title":"Anknytningsm\u00f6nster och sexualitet - N\u00e4rhetsakuten","robots":{"index":"index","follow":"follow","max-snippet":"max-snippet:-1","max-image-preview":"max-image-preview:large","max-video-preview":"max-video-preview:-1"},"canonical":"https:\/\/dev.narhetsakuten.se\/index.php\/anknytningsmonster-och-sexualitet\/","og_locale":"sv_SE","og_type":"article","og_title":"Anknytningsm\u00f6nster och sexualitet - N\u00e4rhetsakuten","og_description":"N\u00e4rhetsakutenAnknytningsm\u00f6nster och sexualitetDe m\u00f6nster vi anknyter till n\u00e4ra personer med \u00e4r inl\u00e4rda m\u00f6nster sedan tidiga relationer med f\u00f6r\u00e4ldrarna. Barn vill ha k\u00e4rlek, uppm\u00e4rksamhet och omtanke av f\u00f6r\u00e4ldrarna och anpassar sig f\u00f6r att f\u00e5 s\u00e5 mycket som m\u00f6jligt av det. Om det l\u00f6nar sig att trycka ner k\u00e4nslor som r\u00e4dsla och aggressivitet s\u00e5 att barnet f\u00e5r [&hellip;]","og_url":"https:\/\/dev.narhetsakuten.se\/index.php\/anknytningsmonster-och-sexualitet\/","og_site_name":"N\u00e4rhetsakuten","article_modified_time":"2024-09-08T19:43:09+00:00","twitter_card":"summary_large_image","schema":{"@context":"https:\/\/schema.org","@graph":[{"@type":"WebPage","@id":"https:\/\/dev.narhetsakuten.se\/index.php\/anknytningsmonster-och-sexualitet\/","url":"https:\/\/dev.narhetsakuten.se\/index.php\/anknytningsmonster-och-sexualitet\/","name":"Anknytningsm\u00f6nster och sexualitet - N\u00e4rhetsakuten","isPartOf":{"@id":"https:\/\/dev.narhetsakuten.se\/#website"},"datePublished":"2024-09-08T19:26:04+00:00","dateModified":"2024-09-08T19:43:09+00:00","breadcrumb":{"@id":"https:\/\/dev.narhetsakuten.se\/index.php\/anknytningsmonster-och-sexualitet\/#breadcrumb"},"inLanguage":"sv-SE","potentialAction":[{"@type":"ReadAction","target":["https:\/\/dev.narhetsakuten.se\/index.php\/anknytningsmonster-och-sexualitet\/"]}]},{"@type":"BreadcrumbList","@id":"https:\/\/dev.narhetsakuten.se\/index.php\/anknytningsmonster-och-sexualitet\/#breadcrumb","itemListElement":[{"@type":"ListItem","position":1,"name":"Hem","item":"https:\/\/dev.narhetsakuten.se\/"},{"@type":"ListItem","position":2,"name":"Anknytningsm\u00f6nster och sexualitet"}]},{"@type":"WebSite","@id":"https:\/\/dev.narhetsakuten.se\/#website","url":"https:\/\/dev.narhetsakuten.se\/","name":"N\u00e4rhetsakuten","description":"Sexolog och leg. psykoterapeut","potentialAction":[{"@type":"SearchAction","target":{"@type":"EntryPoint","urlTemplate":"https:\/\/dev.narhetsakuten.se\/?s={search_term_string}"},"query-input":{"@type":"PropertyValueSpecification","valueRequired":true,"valueName":"search_term_string"}}],"inLanguage":"sv-SE"}]}},"_links":{"self":[{"href":"https:\/\/dev.narhetsakuten.se\/index.php\/wp-json\/wp\/v2\/pages\/193","targetHints":{"allow":["GET"]}}],"collection":[{"href":"https:\/\/dev.narhetsakuten.se\/index.php\/wp-json\/wp\/v2\/pages"}],"about":[{"href":"https:\/\/dev.narhetsakuten.se\/index.php\/wp-json\/wp\/v2\/types\/page"}],"author":[{"embeddable":true,"href":"https:\/\/dev.narhetsakuten.se\/index.php\/wp-json\/wp\/v2\/users\/1"}],"replies":[{"embeddable":true,"href":"https:\/\/dev.narhetsakuten.se\/index.php\/wp-json\/wp\/v2\/comments?post=193"}],"version-history":[{"count":5,"href":"https:\/\/dev.narhetsakuten.se\/index.php\/wp-json\/wp\/v2\/pages\/193\/revisions"}],"predecessor-version":[{"id":203,"href":"https:\/\/dev.narhetsakuten.se\/index.php\/wp-json\/wp\/v2\/pages\/193\/revisions\/203"}],"wp:attachment":[{"href":"https:\/\/dev.narhetsakuten.se\/index.php\/wp-json\/wp\/v2\/media?parent=193"}],"curies":[{"name":"wp","href":"https:\/\/api.w.org\/{rel}","templated":true}]}}