{"id":245,"date":"2024-09-13T14:38:28","date_gmt":"2024-09-13T14:38:28","guid":{"rendered":"https:\/\/dev.narhetsakuten.se\/?page_id=245"},"modified":"2024-09-13T14:45:20","modified_gmt":"2024-09-13T14:45:20","slug":"kbt-metod","status":"publish","type":"page","link":"https:\/\/dev.narhetsakuten.se\/index.php\/kbt-metod\/","title":{"rendered":"KBT-metod"},"content":{"rendered":"<p>[et_pb_section fb_built=&#8221;1&#8243; admin_label=&#8221;Header&#8221; _builder_version=&#8221;4.27.0&#8243; _module_preset=&#8221;default&#8221; hover_enabled=&#8221;0&#8243; collapsed=&#8221;on&#8221; global_colors_info=&#8221;{}&#8221; theme_builder_area=&#8221;post_content&#8221; background_color=&#8221;rgba(229,225,216,0.62)&#8221; sticky_enabled=&#8221;0&#8243;][et_pb_row _builder_version=&#8221;4.20.0&#8243; _module_preset=&#8221;default&#8221; global_colors_info=&#8221;{}&#8221; theme_builder_area=&#8221;post_content&#8221;][et_pb_column type=&#8221;4_4&#8243; _builder_version=&#8221;4.20.0&#8243; _module_preset=&#8221;default&#8221; global_colors_info=&#8221;{}&#8221; theme_builder_area=&#8221;post_content&#8221;][et_pb_text _builder_version=&#8221;4.27.0&#8243; _module_preset=&#8221;1f89265d-4ad6-48a7-9937-7e5cda760166&#8243; text_orientation=&#8221;center&#8221; hover_enabled=&#8221;0&#8243; header_font_size_tablet=&#8221;50px&#8221; header_font_size_phone=&#8221;32px&#8221; global_colors_info=&#8221;{}&#8221; theme_builder_area=&#8221;post_content&#8221; header_font=&#8221;&#8211;et_global_heading_font|||on|||||&#8221; sticky_enabled=&#8221;0&#8243; text_font=&#8221;|||on|||||&#8221; text_font_size=&#8221;16px&#8221; header_font_size_last_edited=&#8221;on|tablet&#8221;]<\/p>\n<h1>KBT-metod<\/h1>\n<p>Kognitiv sexterapi, KBT hos sexolog<\/p>\n<p>[\/et_pb_text][\/et_pb_column][\/et_pb_row][\/et_pb_section][et_pb_section fb_built=&#8221;1&#8243; admin_label=&#8221;Packages&#8221; _builder_version=&#8221;4.27.0&#8243; _module_preset=&#8221;default&#8221; hover_enabled=&#8221;0&#8243; collapsed=&#8221;on&#8221; global_colors_info=&#8221;{}&#8221; theme_builder_area=&#8221;post_content&#8221; background_color=&#8221;rgba(229,225,216,0.32)&#8221; sticky_enabled=&#8221;0&#8243;][et_pb_row _builder_version=&#8221;4.27.0&#8243; _module_preset=&#8221;default&#8221; hover_enabled=&#8221;0&#8243; global_colors_info=&#8221;{}&#8221; column_structure=&#8221;3_5,2_5&#8243; theme_builder_area=&#8221;post_content&#8221; sticky_enabled=&#8221;0&#8243;][et_pb_column type=&#8221;3_5&#8243; _builder_version=&#8221;4.20.0&#8243; _module_preset=&#8221;default&#8221; global_colors_info=&#8221;{}&#8221; theme_builder_area=&#8221;post_content&#8221;][et_pb_text _builder_version=&#8221;4.27.0&#8243; _module_preset=&#8221;default&#8221; theme_builder_area=&#8221;post_content&#8221; hover_enabled=&#8221;0&#8243; sticky_enabled=&#8221;0&#8243;]<\/p>\n<p>Vid terapi f\u00f6r sexuella bekymmer l\u00e4mpar sig den kognitiva ACT-metoden v\u00e4l, Acceptance and Commitment Therapy.<\/p>\n<p>Bekymret och dess eventuella orsaker presenteras och d\u00e4refter inriktar vi oss p\u00e5 att identifiera automatiska tankar och strategier som inte \u00e4r funktionella.<\/p>\n<p>Situationer som du inte anser dig klara att hantera analyseras och vi hittar tillsammans f\u00f6rslag p\u00e5 nya s\u00e4tt att t\u00e4nka och nya s\u00e4tt att f\u00f6rh\u00e5lla dig till dina k\u00e4nslor och val av beteenden.<\/p>\n<p>[\/et_pb_text][\/et_pb_column][et_pb_column type=&#8221;2_5&#8243; _builder_version=&#8221;4.20.0&#8243; _module_preset=&#8221;default&#8221; global_colors_info=&#8221;{}&#8221; theme_builder_area=&#8221;post_content&#8221;][et_pb_text _builder_version=&#8221;4.27.0&#8243; _module_preset=&#8221;default&#8221; theme_builder_area=&#8221;post_content&#8221; hover_enabled=&#8221;0&#8243; sticky_enabled=&#8221;0&#8243;]<\/p>\n<p>Du f\u00f6rv\u00e4ntas vara aktiv mellan sessionerna. Var beredd p\u00e5 hemuppgifter. De kan vara att t\u00e4nka efter hur man t\u00e4nker i vissa situationer eller att prova ett nytt s\u00e4tt att agera p\u00e5.<\/p>\n<p>Ofta \u00f6verg\u00e5r sexterapin i en vanlig terapi d\u00e4r vi forts\u00e4tter att \u00e5terkoppla till sexualiteten.<\/p>\n<p>[\/et_pb_text][\/et_pb_column][\/et_pb_row][et_pb_row _builder_version=&#8221;4.27.0&#8243; _module_preset=&#8221;default&#8221; theme_builder_area=&#8221;post_content&#8221;][et_pb_column _builder_version=&#8221;4.27.0&#8243; _module_preset=&#8221;default&#8221; type=&#8221;4_4&#8243; theme_builder_area=&#8221;post_content&#8221;][et_pb_divider _builder_version=&#8221;4.27.0&#8243; _module_preset=&#8221;default&#8221; theme_builder_area=&#8221;post_content&#8221; hover_enabled=&#8221;0&#8243; sticky_enabled=&#8221;0&#8243;][\/et_pb_divider][\/et_pb_column][\/et_pb_row][et_pb_row _builder_version=&#8221;4.27.0&#8243; _module_preset=&#8221;default&#8221; column_structure=&#8221;3_5,2_5&#8243; theme_builder_area=&#8221;post_content&#8221; hover_enabled=&#8221;0&#8243; sticky_enabled=&#8221;0&#8243;][et_pb_column _builder_version=&#8221;4.27.0&#8243; _module_preset=&#8221;default&#8221; type=&#8221;3_5&#8243; theme_builder_area=&#8221;post_content&#8221; custom_padding=&#8221;2vw||||false|false&#8221; hover_enabled=&#8221;0&#8243; sticky_enabled=&#8221;0&#8243;][et_pb_text _builder_version=&#8221;4.27.0&#8243; _module_preset=&#8221;default&#8221; theme_builder_area=&#8221;post_content&#8221; hover_enabled=&#8221;0&#8243; sticky_enabled=&#8221;0&#8243;]<\/p>\n<p>Vi ser det sexuella problemet som ett symtom p\u00e5 att n\u00e5got inte \u00e4r bra i livet och alla som kommer till oss \u00e4r helt vanliga m\u00e4nniskor precis som vem som helst.<\/p>\n<p>Det vanligaste problemet hos b\u00e5de kvinnor och m\u00e4n \u00e4r brist p\u00e5 sexlust. Saknar man sexlust, vilket \u00e4r en k\u00e4nsla, kan man inte bara \u00e4ndra sin handling utan att \u00e4ndra sin tanke och hitta ett s\u00e4tt att hantera andra mer ov\u00e4lkomna k\u00e4nslor som kan komma i samband med sex.<\/p>\n<p>En vanlig orsak till minskad sexlust \u00e4r stress, man hinner helt enkelt inte t\u00e4nka p\u00e5 sex s\u00e5 mycket att k\u00e4nslorna kommer som en f\u00f6ljd av tankarna och leder till att man best\u00e4mmer sig f\u00f6r en sexuell handling. En f\u00f6ruts\u00e4ttning f\u00f6r att ha sexlust \u00e4r att man vill ha sexlust. Vill man det och \u00e4r motiverad att \u00e4ndra sina tankar s\u00e5 kan vi arbeta mycket effektivt mot att f\u00e5 tillbaka sexlusten.<\/p>\n<p>M\u00e5nga sexuella problem kan ha en fysiologisk orsak och d\u00e4rf\u00f6r \u00e4r det bra om du kollar upp det hos en l\u00e4kare, gynekolog eller urolog.<\/p>\n<p>ACT anv\u00e4nder vi oss av i alla v\u00e5ra terapier och om du vill l\u00e4sa p\u00e5 <a href=\"http:\/\/hittaterapi.se\/artiklar\/act\/\" target=\"_blank\" rel=\"noopener\">om det finns mer info h\u00e4r.<\/a><\/p>\n<p>[\/et_pb_text][et_pb_text _builder_version=&#8221;4.27.0&#8243; _module_preset=&#8221;default&#8221; theme_builder_area=&#8221;post_content&#8221; hover_enabled=&#8221;0&#8243; sticky_enabled=&#8221;0&#8243;]<\/p>\n<p><em>Ni kan sj\u00e4lvklart komma till oss f\u00f6r parterapi utan sexuella problem. Jag \u00e4r en helt vanlig legitimerad Psykoterapeut med KBT-inriktning och jag har 3 \u00e5rs vidareutbildning i Sexologi.<\/em><\/p>\n<p>[\/et_pb_text][\/et_pb_column][et_pb_column _builder_version=&#8221;4.27.0&#8243; _module_preset=&#8221;default&#8221; type=&#8221;2_5&#8243; theme_builder_area=&#8221;post_content&#8221;][et_pb_image src=&#8221;https:\/\/dev.narhetsakuten.se\/wp-content\/uploads\/2024\/09\/challan-eris-webb.jpg&#8221; _builder_version=&#8221;4.27.0&#8243; _module_preset=&#8221;default&#8221; theme_builder_area=&#8221;post_content&#8221; alt=&#8221;N\u00e4rhetsakuten&#8221; title_text=&#8221;challan-eris-webb&#8221; hover_enabled=&#8221;0&#8243; sticky_enabled=&#8221;0&#8243;][\/et_pb_image][\/et_pb_column][\/et_pb_row][\/et_pb_section]<\/p>\n","protected":false},"excerpt":{"rendered":"<p>KBT-metod Kognitiv sexterapi, KBT hos sexologVid terapi f\u00f6r sexuella bekymmer l\u00e4mpar sig den kognitiva ACT-metoden v\u00e4l, Acceptance and Commitment Therapy. Bekymret och dess eventuella orsaker presenteras och d\u00e4refter inriktar vi oss p\u00e5 att identifiera automatiska tankar och strategier som inte \u00e4r funktionella. Situationer som du inte anser dig klara att hantera analyseras och vi hittar [&hellip;]<\/p>\n","protected":false},"author":1,"featured_media":0,"parent":0,"menu_order":0,"comment_status":"closed","ping_status":"closed","template":"","meta":{"_et_pb_use_builder":"on","_et_pb_old_content":"","_et_gb_content_width":"","footnotes":""},"class_list":["post-245","page","type-page","status-publish","hentry"],"yoast_head":"<!-- This site is optimized with the Yoast SEO plugin v23.5 - https:\/\/yoast.com\/wordpress\/plugins\/seo\/ -->\n<title>KBT-metod - N\u00e4rhetsakuten<\/title>\n<meta name=\"robots\" content=\"index, follow, max-snippet:-1, max-image-preview:large, max-video-preview:-1\" \/>\n<link rel=\"canonical\" href=\"https:\/\/dev.narhetsakuten.se\/index.php\/kbt-metod\/\" \/>\n<meta property=\"og:locale\" content=\"sv_SE\" \/>\n<meta property=\"og:type\" content=\"article\" \/>\n<meta property=\"og:title\" content=\"KBT-metod - N\u00e4rhetsakuten\" \/>\n<meta property=\"og:description\" content=\"KBT-metod Kognitiv sexterapi, KBT hos sexologVid terapi f\u00f6r sexuella bekymmer l\u00e4mpar sig den kognitiva ACT-metoden v\u00e4l, Acceptance and Commitment Therapy. Bekymret och dess eventuella orsaker presenteras och d\u00e4refter inriktar vi oss p\u00e5 att identifiera automatiska tankar och strategier som inte \u00e4r funktionella. Situationer som du inte anser dig klara att hantera analyseras och vi hittar [&hellip;]\" \/>\n<meta property=\"og:url\" content=\"https:\/\/dev.narhetsakuten.se\/index.php\/kbt-metod\/\" \/>\n<meta property=\"og:site_name\" content=\"N\u00e4rhetsakuten\" \/>\n<meta property=\"article:modified_time\" content=\"2024-09-13T14:45:20+00:00\" \/>\n<meta name=\"twitter:card\" content=\"summary_large_image\" \/>\n<script type=\"application\/ld+json\" class=\"yoast-schema-graph\">{\"@context\":\"https:\/\/schema.org\",\"@graph\":[{\"@type\":\"WebPage\",\"@id\":\"https:\/\/dev.narhetsakuten.se\/index.php\/kbt-metod\/\",\"url\":\"https:\/\/dev.narhetsakuten.se\/index.php\/kbt-metod\/\",\"name\":\"KBT-metod - N\u00e4rhetsakuten\",\"isPartOf\":{\"@id\":\"https:\/\/dev.narhetsakuten.se\/#website\"},\"datePublished\":\"2024-09-13T14:38:28+00:00\",\"dateModified\":\"2024-09-13T14:45:20+00:00\",\"breadcrumb\":{\"@id\":\"https:\/\/dev.narhetsakuten.se\/index.php\/kbt-metod\/#breadcrumb\"},\"inLanguage\":\"sv-SE\",\"potentialAction\":[{\"@type\":\"ReadAction\",\"target\":[\"https:\/\/dev.narhetsakuten.se\/index.php\/kbt-metod\/\"]}]},{\"@type\":\"BreadcrumbList\",\"@id\":\"https:\/\/dev.narhetsakuten.se\/index.php\/kbt-metod\/#breadcrumb\",\"itemListElement\":[{\"@type\":\"ListItem\",\"position\":1,\"name\":\"Hem\",\"item\":\"https:\/\/dev.narhetsakuten.se\/\"},{\"@type\":\"ListItem\",\"position\":2,\"name\":\"KBT-metod\"}]},{\"@type\":\"WebSite\",\"@id\":\"https:\/\/dev.narhetsakuten.se\/#website\",\"url\":\"https:\/\/dev.narhetsakuten.se\/\",\"name\":\"N\u00e4rhetsakuten\",\"description\":\"Sexolog och leg. psykoterapeut\",\"potentialAction\":[{\"@type\":\"SearchAction\",\"target\":{\"@type\":\"EntryPoint\",\"urlTemplate\":\"https:\/\/dev.narhetsakuten.se\/?s={search_term_string}\"},\"query-input\":{\"@type\":\"PropertyValueSpecification\",\"valueRequired\":true,\"valueName\":\"search_term_string\"}}],\"inLanguage\":\"sv-SE\"}]}<\/script>\n<!-- \/ Yoast SEO plugin. -->","yoast_head_json":{"title":"KBT-metod - N\u00e4rhetsakuten","robots":{"index":"index","follow":"follow","max-snippet":"max-snippet:-1","max-image-preview":"max-image-preview:large","max-video-preview":"max-video-preview:-1"},"canonical":"https:\/\/dev.narhetsakuten.se\/index.php\/kbt-metod\/","og_locale":"sv_SE","og_type":"article","og_title":"KBT-metod - N\u00e4rhetsakuten","og_description":"KBT-metod Kognitiv sexterapi, KBT hos sexologVid terapi f\u00f6r sexuella bekymmer l\u00e4mpar sig den kognitiva ACT-metoden v\u00e4l, Acceptance and Commitment Therapy. Bekymret och dess eventuella orsaker presenteras och d\u00e4refter inriktar vi oss p\u00e5 att identifiera automatiska tankar och strategier som inte \u00e4r funktionella. Situationer som du inte anser dig klara att hantera analyseras och vi hittar [&hellip;]","og_url":"https:\/\/dev.narhetsakuten.se\/index.php\/kbt-metod\/","og_site_name":"N\u00e4rhetsakuten","article_modified_time":"2024-09-13T14:45:20+00:00","twitter_card":"summary_large_image","schema":{"@context":"https:\/\/schema.org","@graph":[{"@type":"WebPage","@id":"https:\/\/dev.narhetsakuten.se\/index.php\/kbt-metod\/","url":"https:\/\/dev.narhetsakuten.se\/index.php\/kbt-metod\/","name":"KBT-metod - N\u00e4rhetsakuten","isPartOf":{"@id":"https:\/\/dev.narhetsakuten.se\/#website"},"datePublished":"2024-09-13T14:38:28+00:00","dateModified":"2024-09-13T14:45:20+00:00","breadcrumb":{"@id":"https:\/\/dev.narhetsakuten.se\/index.php\/kbt-metod\/#breadcrumb"},"inLanguage":"sv-SE","potentialAction":[{"@type":"ReadAction","target":["https:\/\/dev.narhetsakuten.se\/index.php\/kbt-metod\/"]}]},{"@type":"BreadcrumbList","@id":"https:\/\/dev.narhetsakuten.se\/index.php\/kbt-metod\/#breadcrumb","itemListElement":[{"@type":"ListItem","position":1,"name":"Hem","item":"https:\/\/dev.narhetsakuten.se\/"},{"@type":"ListItem","position":2,"name":"KBT-metod"}]},{"@type":"WebSite","@id":"https:\/\/dev.narhetsakuten.se\/#website","url":"https:\/\/dev.narhetsakuten.se\/","name":"N\u00e4rhetsakuten","description":"Sexolog och leg. psykoterapeut","potentialAction":[{"@type":"SearchAction","target":{"@type":"EntryPoint","urlTemplate":"https:\/\/dev.narhetsakuten.se\/?s={search_term_string}"},"query-input":{"@type":"PropertyValueSpecification","valueRequired":true,"valueName":"search_term_string"}}],"inLanguage":"sv-SE"}]}},"_links":{"self":[{"href":"https:\/\/dev.narhetsakuten.se\/index.php\/wp-json\/wp\/v2\/pages\/245","targetHints":{"allow":["GET"]}}],"collection":[{"href":"https:\/\/dev.narhetsakuten.se\/index.php\/wp-json\/wp\/v2\/pages"}],"about":[{"href":"https:\/\/dev.narhetsakuten.se\/index.php\/wp-json\/wp\/v2\/types\/page"}],"author":[{"embeddable":true,"href":"https:\/\/dev.narhetsakuten.se\/index.php\/wp-json\/wp\/v2\/users\/1"}],"replies":[{"embeddable":true,"href":"https:\/\/dev.narhetsakuten.se\/index.php\/wp-json\/wp\/v2\/comments?post=245"}],"version-history":[{"count":7,"href":"https:\/\/dev.narhetsakuten.se\/index.php\/wp-json\/wp\/v2\/pages\/245\/revisions"}],"predecessor-version":[{"id":254,"href":"https:\/\/dev.narhetsakuten.se\/index.php\/wp-json\/wp\/v2\/pages\/245\/revisions\/254"}],"wp:attachment":[{"href":"https:\/\/dev.narhetsakuten.se\/index.php\/wp-json\/wp\/v2\/media?parent=245"}],"curies":[{"name":"wp","href":"https:\/\/api.w.org\/{rel}","templated":true}]}}