{"id":258,"date":"2024-09-13T14:47:52","date_gmt":"2024-09-13T14:47:52","guid":{"rendered":"https:\/\/dev.narhetsakuten.se\/?page_id=258"},"modified":"2024-09-14T10:36:05","modified_gmt":"2024-09-14T10:36:05","slug":"tystnadsplikt","status":"publish","type":"page","link":"https:\/\/dev.narhetsakuten.se\/index.php\/tystnadsplikt\/","title":{"rendered":"Tystnadsplikt"},"content":{"rendered":"<p>[et_pb_section fb_built=&#8221;1&#8243; admin_label=&#8221;Header&#8221; _builder_version=&#8221;4.27.0&#8243; _module_preset=&#8221;default&#8221; background_color=&#8221;rgba(229,225,216,0.62)&#8221; collapsed=&#8221;on&#8221; global_colors_info=&#8221;{}&#8221;][et_pb_row _builder_version=&#8221;4.20.0&#8243; _module_preset=&#8221;default&#8221; global_colors_info=&#8221;{}&#8221;][et_pb_column type=&#8221;4_4&#8243; _builder_version=&#8221;4.20.0&#8243; _module_preset=&#8221;default&#8221; global_colors_info=&#8221;{}&#8221;][et_pb_text _builder_version=&#8221;4.27.0&#8243; _module_preset=&#8221;1f89265d-4ad6-48a7-9937-7e5cda760166&#8243; text_font=&#8221;|||on|||||&#8221; text_font_size=&#8221;16px&#8221; header_font=&#8221;&#8211;et_global_heading_font|||on|||||&#8221; text_orientation=&#8221;center&#8221; hover_enabled=&#8221;0&#8243; header_font_size_tablet=&#8221;50px&#8221; header_font_size_phone=&#8221;32px&#8221; header_font_size_last_edited=&#8221;on|tablet&#8221; global_colors_info=&#8221;{}&#8221; text_font_size_last_edited=&#8221;on|tablet&#8221; sticky_enabled=&#8221;0&#8243; text_font_size_phone=&#8221;14px&#8221; text_font_size_tablet=&#8221;16px&#8221;]<\/p>\n<h1>Tystnadsplikt<\/h1>\n<p>Tystnadsplikt och sekretess | Barnets r\u00e4tt till sekretess | GDPR<\/p>\n<p>[\/et_pb_text][\/et_pb_column][\/et_pb_row][\/et_pb_section][et_pb_section fb_built=&#8221;1&#8243; admin_label=&#8221;Packages&#8221; _builder_version=&#8221;4.27.0&#8243; _module_preset=&#8221;default&#8221; background_color=&#8221;rgba(229,225,216,0.32)&#8221; collapsed=&#8221;on&#8221; global_colors_info=&#8221;{}&#8221;][et_pb_row _builder_version=&#8221;4.27.0&#8243; _module_preset=&#8221;default&#8221; custom_padding=&#8221;||0px||false|false&#8221; global_colors_info=&#8221;{}&#8221;][et_pb_column type=&#8221;4_4&#8243; _builder_version=&#8221;4.27.0&#8243; _module_preset=&#8221;default&#8221; global_colors_info=&#8221;{}&#8221;][et_pb_text _builder_version=&#8221;4.27.0&#8243; _module_preset=&#8221;default&#8221; header_2_font=&#8221;|600|||||||&#8221; header_2_font_size=&#8221;48px&#8221; header_2_letter_spacing=&#8221;1px&#8221; header_2_font_size_tablet=&#8221;40px&#8221; header_2_font_size_phone=&#8221;30px&#8221; header_2_font_size_last_edited=&#8221;on|desktop&#8221; global_colors_info=&#8221;{}&#8221;]<\/p>\n<h2>Tystnadsplikt och sekretess<\/h2>\n<p>[\/et_pb_text][\/et_pb_column][\/et_pb_row][et_pb_row column_structure=&#8221;1_2,1_2&#8243; _builder_version=&#8221;4.27.0&#8243; _module_preset=&#8221;default&#8221; global_colors_info=&#8221;{}&#8221;][et_pb_column type=&#8221;1_2&#8243; _builder_version=&#8221;4.20.0&#8243; _module_preset=&#8221;default&#8221; global_colors_info=&#8221;{}&#8221;][et_pb_text _builder_version=&#8221;4.27.0&#8243; _module_preset=&#8221;default&#8221; global_colors_info=&#8221;{}&#8221;]<\/p>\n<p>Alla som arbetar inom h\u00e4lso- och sjukv\u00e5rden har tystnadsplikt. Det betyder att ingen f\u00e5r l\u00e4mna ut uppgifter om dig, din sjukdom, din behandling eller om din privata situation utan att du sj\u00e4lv har godk\u00e4nt det.<\/p>\n<p>Den som bryter mot tystnadsplikten och sekretesslagen kan straffas.<\/p>\n<p>Tystnadsplikten g\u00e4ller b\u00e5de inom offentlig och privat v\u00e5rd. Den g\u00e4ller all personal verksam inom h\u00e4lso- och sjukv\u00e5rden, \u00e4ven praktikanter, oavsett om de har direkt eller indirekt kontakt med patienter. Den g\u00e4ller ocks\u00e5 f\u00f6r tolkar och \u00f6vers\u00e4ttare som arbetar p\u00e5 uppdrag inom h\u00e4lso- och sjukv\u00e5rden.<\/p>\n<p>Det finns n\u00e5gra begr\u00e4nsade undantag fr\u00e5n tystnadsplikten.<\/p>\n<p>[\/et_pb_text][et_pb_text _builder_version=&#8221;4.27.0&#8243; _module_preset=&#8221;default&#8221; header_4_font=&#8221;||||||||&#8221; header_4_text_color=&#8221;#910068&#8243; header_4_font_size=&#8221;28px&#8221; header_4_font_size_tablet=&#8221;24px&#8221; header_4_font_size_phone=&#8221;22px&#8221; header_4_font_size_last_edited=&#8221;on|desktop&#8221; global_colors_info=&#8221;{}&#8221;]<\/p>\n<h4>Undantag<\/h4>\n<p>I princip kan tystnadsplikten bara brytas om:<\/p>\n<ul>\n<li>du sj\u00e4lv g\u00e5r med p\u00e5 det<\/li>\n<li>det st\u00e5r klart att du inte tar skada av att uppgifterna l\u00e4mnas ut<\/li>\n<li>till exempel ett barn riskerar att fara illa. D\u00e5 \u00e4r personalen skyldig att g\u00f6ra en anm\u00e4lan till annan myndighet<\/li>\n<li>vissa myndigheter beg\u00e4r att f\u00e5 ut uppgifter med st\u00f6d av lag.<\/li>\n<\/ul>\n<p>H\u00e4lso- och sjukv\u00e5rdspersonalen \u00e4r enligt lag skyldig att ber\u00e4tta om en namngiven person vistas p\u00e5 en h\u00e4lso- och sjukv\u00e5rdsinr\u00e4ttning eller inte, om uppgiften beg\u00e4rs av domstol, \u00e5klagarmyndighet, polismyndighet, kronofogdemyndighet eller skattemyndighet. Det g\u00e4ller alla patienter.<\/p>\n<p>[\/et_pb_text][et_pb_text _builder_version=&#8221;4.27.0&#8243; _module_preset=&#8221;default&#8221; header_4_font=&#8221;||||||||&#8221; header_4_text_color=&#8221;#910068&#8243; header_4_font_size=&#8221;28px&#8221; header_4_font_size_tablet=&#8221;24px&#8221; header_4_font_size_phone=&#8221;22px&#8221; header_4_font_size_last_edited=&#8221;on|desktop&#8221; global_colors_info=&#8221;{}&#8221;]<\/p>\n<h4>G\u00e4ller \u00e4ven din journal<\/h4>\n<p>Sekretessen g\u00e4ller b\u00e5de skriftliga och muntliga uppgifter.<\/p>\n<ul><\/ul>\n<p>[\/et_pb_text][et_pb_text _builder_version=&#8221;4.27.0&#8243; _module_preset=&#8221;default&#8221; header_4_font=&#8221;||||||||&#8221; header_4_text_color=&#8221;#910068&#8243; header_4_font_size=&#8221;28px&#8221; header_4_font_size_tablet=&#8221;24px&#8221; header_4_font_size_phone=&#8221;22px&#8221; header_4_font_size_last_edited=&#8221;on|desktop&#8221; global_colors_info=&#8221;{}&#8221;]<\/p>\n<h4>Barnets r\u00e4tt till sekretess<\/h4>\n<p>I regel har f\u00f6r\u00e4ldrar eller annan v\u00e5rdnadshavare r\u00e4tt att ta del av sekretesskyddade uppgifter som r\u00f6r hans eller hennes under\u00e5riga barn.<\/p>\n<p>Det finns dock tv\u00e5 undantag. Det ena \u00e4r om sekretesskyddade uppgifter l\u00e4mnas till f\u00f6r\u00e4lder\/v\u00e5rdnadshavare, som kan missbruka uppgifterna och p\u00e5 s\u00e5 s\u00e4tt allvarligt skada barnet. Det andra \u00e4r d\u00e5 barnet har uppn\u00e5tt en s\u00e5dan \u00e5lder och mognad att han eller hon sj\u00e4lvst\u00e4ndigt f\u00f6rfogar \u00f6ver sekretessen.<\/p>\n<ul><\/ul>\n<p>[\/et_pb_text][\/et_pb_column][et_pb_column type=&#8221;1_2&#8243; _builder_version=&#8221;4.20.0&#8243; _module_preset=&#8221;default&#8221; global_colors_info=&#8221;{}&#8221;][et_pb_image src=&#8221;https:\/\/dev.narhetsakuten.se\/wp-content\/uploads\/2024\/09\/IMG_2212-webb.jpg&#8221; alt=&#8221;N\u00e4rhetsakuten&#8221; title_text=&#8221;IMG_2212-webb&#8221; _builder_version=&#8221;4.27.0&#8243; _module_preset=&#8221;default&#8221; global_colors_info=&#8221;{}&#8221;][\/et_pb_image][\/et_pb_column][\/et_pb_row][et_pb_row _builder_version=&#8221;4.27.0&#8243; _module_preset=&#8221;default&#8221; global_colors_info=&#8221;{}&#8221;][et_pb_column type=&#8221;4_4&#8243; _builder_version=&#8221;4.27.0&#8243; _module_preset=&#8221;default&#8221; global_colors_info=&#8221;{}&#8221;][et_pb_divider _builder_version=&#8221;4.27.0&#8243; _module_preset=&#8221;default&#8221; global_colors_info=&#8221;{}&#8221;][\/et_pb_divider][\/et_pb_column][\/et_pb_row][et_pb_row _builder_version=&#8221;4.27.0&#8243; _module_preset=&#8221;default&#8221; custom_padding=&#8221;||0px||false|false&#8221; global_colors_info=&#8221;{}&#8221;][et_pb_column type=&#8221;4_4&#8243; _builder_version=&#8221;4.27.0&#8243; _module_preset=&#8221;default&#8221; global_colors_info=&#8221;{}&#8221;][et_pb_text _builder_version=&#8221;4.27.0&#8243; _module_preset=&#8221;default&#8221; header_2_font=&#8221;|600|||||||&#8221; header_2_font_size=&#8221;48px&#8221; header_2_letter_spacing=&#8221;1px&#8221; header_2_font_size_tablet=&#8221;40px&#8221; header_2_font_size_phone=&#8221;30px&#8221; header_2_font_size_last_edited=&#8221;on|desktop&#8221; global_colors_info=&#8221;{}&#8221;]<\/p>\n<h2>GDPR<\/h2>\n<p>[\/et_pb_text][\/et_pb_column][\/et_pb_row][et_pb_row column_structure=&#8221;1_2,1_2&#8243; _builder_version=&#8221;4.27.0&#8243; _module_preset=&#8221;default&#8221; global_colors_info=&#8221;{}&#8221;][et_pb_column type=&#8221;1_2&#8243; _builder_version=&#8221;4.27.0&#8243; _module_preset=&#8221;default&#8221; global_colors_info=&#8221;{}&#8221;][et_pb_text _builder_version=&#8221;4.27.0&#8243; _module_preset=&#8221;default&#8221; header_4_font=&#8221;||||||||&#8221; header_4_text_color=&#8221;#910068&#8243; header_4_font_size=&#8221;28px&#8221; header_4_font_size_tablet=&#8221;24px&#8221; header_4_font_size_phone=&#8221;22px&#8221; header_4_font_size_last_edited=&#8221;on|desktop&#8221; global_colors_info=&#8221;{}&#8221;]<\/p>\n<p>Din personliga integritet \u00e4r viktig. Vi arbetar p\u00e5 olika s\u00e4tt f\u00f6r att skydda och respektera den. Inte minst genom att f\u00f6lja data\u00adskydds\u00adf\u00f6rordningen General Data Protection Regulation (GDPR)) som tr\u00e4de i kraft 25 maj 2018.<\/p>\n<p>GDPR g\u00e4ller i hela EU och ers\u00e4tter den svenska personuppgiftslagen (1998:204). Den ska st\u00e4rka skyddet av personuppgifter f\u00f6r privatpersoner.<\/p>\n<p>Vi arbetar d\u00e4rf\u00f6r seri\u00f6st med s\u00e4kerhet och dokumentation och anv\u00e4nder inte personuppgifter till mer \u00e4n det n\u00f6d\u00adv\u00e4ndigt.<\/p>\n<ul><\/ul>\n<p>[\/et_pb_text][\/et_pb_column][et_pb_column type=&#8221;1_2&#8243; _builder_version=&#8221;4.27.0&#8243; _module_preset=&#8221;default&#8221; global_colors_info=&#8221;{}&#8221;][et_pb_text _builder_version=&#8221;4.27.0&#8243; _module_preset=&#8221;default&#8221; header_4_font=&#8221;||||||||&#8221; header_4_text_color=&#8221;#910068&#8243; header_4_font_size=&#8221;28px&#8221; header_4_font_size_tablet=&#8221;24px&#8221; header_4_font_size_phone=&#8221;22px&#8221; header_4_font_size_last_edited=&#8221;on|desktop&#8221; global_colors_info=&#8221;{}&#8221;]<\/p>\n<p>Hos oss finns alla personuppgifter inlagda och\/eller administreras p\u00e5 endast tv\u00e5 PC. Uppdelningen p\u00e5 dessa PC:n \u00e4r patienthanterad \/alternativt kundorienterade. Inneh\u00e5llet behandlar ekonomi, men \u00e4ven n\u00f6dv\u00e4ndiga personuppgifter. Ekonomin ber\u00f6r fakturaunderlag med identitetsangivna uppgifter. Dessa kopieras p\u00e5 extern minne. B\u00e5de PC:n och minnet l\u00e4ggs i kassask\u00e5p. Ibland f\u00f6rekommer brev som kan inneh\u00e5lla personuppgifter utan kod, men dessa uppr\u00e4ttas och lagras p\u00e5 PC:n.<\/p>\n<p>Mail och sms sl\u00e4ngs efter att det administrerats som patientmaterial. Vi arbetar noggrant f\u00f6r att personuppgifter ska vara i s\u00e4kert f\u00f6rvar och att inget kan spridas vidare. Om uppdragsgivare \u00e4ndock k\u00e4nner att personuppgifterna inte \u00e4r skyddade, kan det f\u00f6ljas av att vi g\u00f6r bed\u00f6mning att det inte g\u00e5r att utf\u00f6ra uppdraget.<\/p>\n<ul><\/ul>\n<p>[\/et_pb_text][\/et_pb_column][\/et_pb_row][\/et_pb_section]<\/p>\n","protected":false},"excerpt":{"rendered":"<p>Tystnadsplikt Tystnadsplikt och sekretess | Barnets r\u00e4tt till sekretess | GDPRTystnadsplikt och sekretessAlla som arbetar inom h\u00e4lso- och sjukv\u00e5rden har tystnadsplikt. Det betyder att ingen f\u00e5r l\u00e4mna ut uppgifter om dig, din sjukdom, din behandling eller om din privata situation utan att du sj\u00e4lv har godk\u00e4nt det. Den som bryter mot tystnadsplikten och sekretesslagen kan [&hellip;]<\/p>\n","protected":false},"author":1,"featured_media":0,"parent":0,"menu_order":0,"comment_status":"closed","ping_status":"closed","template":"","meta":{"_et_pb_use_builder":"on","_et_pb_old_content":"","_et_gb_content_width":"","footnotes":""},"class_list":["post-258","page","type-page","status-publish","hentry"],"yoast_head":"<!-- This site is optimized with the Yoast SEO plugin v23.5 - https:\/\/yoast.com\/wordpress\/plugins\/seo\/ -->\n<title>Tystnadsplikt - N\u00e4rhetsakuten<\/title>\n<meta name=\"robots\" content=\"index, follow, max-snippet:-1, max-image-preview:large, max-video-preview:-1\" \/>\n<link rel=\"canonical\" href=\"https:\/\/dev.narhetsakuten.se\/index.php\/tystnadsplikt\/\" \/>\n<meta property=\"og:locale\" content=\"sv_SE\" \/>\n<meta property=\"og:type\" content=\"article\" \/>\n<meta property=\"og:title\" content=\"Tystnadsplikt - N\u00e4rhetsakuten\" \/>\n<meta property=\"og:description\" content=\"Tystnadsplikt Tystnadsplikt och sekretess | Barnets r\u00e4tt till sekretess | GDPRTystnadsplikt och sekretessAlla som arbetar inom h\u00e4lso- och sjukv\u00e5rden har tystnadsplikt. Det betyder att ingen f\u00e5r l\u00e4mna ut uppgifter om dig, din sjukdom, din behandling eller om din privata situation utan att du sj\u00e4lv har godk\u00e4nt det. Den som bryter mot tystnadsplikten och sekretesslagen kan [&hellip;]\" \/>\n<meta property=\"og:url\" content=\"https:\/\/dev.narhetsakuten.se\/index.php\/tystnadsplikt\/\" \/>\n<meta property=\"og:site_name\" content=\"N\u00e4rhetsakuten\" \/>\n<meta property=\"article:modified_time\" content=\"2024-09-14T10:36:05+00:00\" \/>\n<meta name=\"twitter:card\" content=\"summary_large_image\" \/>\n<script type=\"application\/ld+json\" class=\"yoast-schema-graph\">{\"@context\":\"https:\/\/schema.org\",\"@graph\":[{\"@type\":\"WebPage\",\"@id\":\"https:\/\/dev.narhetsakuten.se\/index.php\/tystnadsplikt\/\",\"url\":\"https:\/\/dev.narhetsakuten.se\/index.php\/tystnadsplikt\/\",\"name\":\"Tystnadsplikt - N\u00e4rhetsakuten\",\"isPartOf\":{\"@id\":\"https:\/\/dev.narhetsakuten.se\/#website\"},\"datePublished\":\"2024-09-13T14:47:52+00:00\",\"dateModified\":\"2024-09-14T10:36:05+00:00\",\"breadcrumb\":{\"@id\":\"https:\/\/dev.narhetsakuten.se\/index.php\/tystnadsplikt\/#breadcrumb\"},\"inLanguage\":\"sv-SE\",\"potentialAction\":[{\"@type\":\"ReadAction\",\"target\":[\"https:\/\/dev.narhetsakuten.se\/index.php\/tystnadsplikt\/\"]}]},{\"@type\":\"BreadcrumbList\",\"@id\":\"https:\/\/dev.narhetsakuten.se\/index.php\/tystnadsplikt\/#breadcrumb\",\"itemListElement\":[{\"@type\":\"ListItem\",\"position\":1,\"name\":\"Hem\",\"item\":\"https:\/\/dev.narhetsakuten.se\/\"},{\"@type\":\"ListItem\",\"position\":2,\"name\":\"Tystnadsplikt\"}]},{\"@type\":\"WebSite\",\"@id\":\"https:\/\/dev.narhetsakuten.se\/#website\",\"url\":\"https:\/\/dev.narhetsakuten.se\/\",\"name\":\"N\u00e4rhetsakuten\",\"description\":\"Sexolog och leg. psykoterapeut\",\"potentialAction\":[{\"@type\":\"SearchAction\",\"target\":{\"@type\":\"EntryPoint\",\"urlTemplate\":\"https:\/\/dev.narhetsakuten.se\/?s={search_term_string}\"},\"query-input\":{\"@type\":\"PropertyValueSpecification\",\"valueRequired\":true,\"valueName\":\"search_term_string\"}}],\"inLanguage\":\"sv-SE\"}]}<\/script>\n<!-- \/ Yoast SEO plugin. -->","yoast_head_json":{"title":"Tystnadsplikt - N\u00e4rhetsakuten","robots":{"index":"index","follow":"follow","max-snippet":"max-snippet:-1","max-image-preview":"max-image-preview:large","max-video-preview":"max-video-preview:-1"},"canonical":"https:\/\/dev.narhetsakuten.se\/index.php\/tystnadsplikt\/","og_locale":"sv_SE","og_type":"article","og_title":"Tystnadsplikt - N\u00e4rhetsakuten","og_description":"Tystnadsplikt Tystnadsplikt och sekretess | Barnets r\u00e4tt till sekretess | GDPRTystnadsplikt och sekretessAlla som arbetar inom h\u00e4lso- och sjukv\u00e5rden har tystnadsplikt. Det betyder att ingen f\u00e5r l\u00e4mna ut uppgifter om dig, din sjukdom, din behandling eller om din privata situation utan att du sj\u00e4lv har godk\u00e4nt det. Den som bryter mot tystnadsplikten och sekretesslagen kan [&hellip;]","og_url":"https:\/\/dev.narhetsakuten.se\/index.php\/tystnadsplikt\/","og_site_name":"N\u00e4rhetsakuten","article_modified_time":"2024-09-14T10:36:05+00:00","twitter_card":"summary_large_image","schema":{"@context":"https:\/\/schema.org","@graph":[{"@type":"WebPage","@id":"https:\/\/dev.narhetsakuten.se\/index.php\/tystnadsplikt\/","url":"https:\/\/dev.narhetsakuten.se\/index.php\/tystnadsplikt\/","name":"Tystnadsplikt - N\u00e4rhetsakuten","isPartOf":{"@id":"https:\/\/dev.narhetsakuten.se\/#website"},"datePublished":"2024-09-13T14:47:52+00:00","dateModified":"2024-09-14T10:36:05+00:00","breadcrumb":{"@id":"https:\/\/dev.narhetsakuten.se\/index.php\/tystnadsplikt\/#breadcrumb"},"inLanguage":"sv-SE","potentialAction":[{"@type":"ReadAction","target":["https:\/\/dev.narhetsakuten.se\/index.php\/tystnadsplikt\/"]}]},{"@type":"BreadcrumbList","@id":"https:\/\/dev.narhetsakuten.se\/index.php\/tystnadsplikt\/#breadcrumb","itemListElement":[{"@type":"ListItem","position":1,"name":"Hem","item":"https:\/\/dev.narhetsakuten.se\/"},{"@type":"ListItem","position":2,"name":"Tystnadsplikt"}]},{"@type":"WebSite","@id":"https:\/\/dev.narhetsakuten.se\/#website","url":"https:\/\/dev.narhetsakuten.se\/","name":"N\u00e4rhetsakuten","description":"Sexolog och leg. psykoterapeut","potentialAction":[{"@type":"SearchAction","target":{"@type":"EntryPoint","urlTemplate":"https:\/\/dev.narhetsakuten.se\/?s={search_term_string}"},"query-input":{"@type":"PropertyValueSpecification","valueRequired":true,"valueName":"search_term_string"}}],"inLanguage":"sv-SE"}]}},"_links":{"self":[{"href":"https:\/\/dev.narhetsakuten.se\/index.php\/wp-json\/wp\/v2\/pages\/258","targetHints":{"allow":["GET"]}}],"collection":[{"href":"https:\/\/dev.narhetsakuten.se\/index.php\/wp-json\/wp\/v2\/pages"}],"about":[{"href":"https:\/\/dev.narhetsakuten.se\/index.php\/wp-json\/wp\/v2\/types\/page"}],"author":[{"embeddable":true,"href":"https:\/\/dev.narhetsakuten.se\/index.php\/wp-json\/wp\/v2\/users\/1"}],"replies":[{"embeddable":true,"href":"https:\/\/dev.narhetsakuten.se\/index.php\/wp-json\/wp\/v2\/comments?post=258"}],"version-history":[{"count":7,"href":"https:\/\/dev.narhetsakuten.se\/index.php\/wp-json\/wp\/v2\/pages\/258\/revisions"}],"predecessor-version":[{"id":313,"href":"https:\/\/dev.narhetsakuten.se\/index.php\/wp-json\/wp\/v2\/pages\/258\/revisions\/313"}],"wp:attachment":[{"href":"https:\/\/dev.narhetsakuten.se\/index.php\/wp-json\/wp\/v2\/media?parent=258"}],"curies":[{"name":"wp","href":"https:\/\/api.w.org\/{rel}","templated":true}]}}