{"id":306,"date":"2024-09-14T10:14:17","date_gmt":"2024-09-14T10:14:17","guid":{"rendered":"https:\/\/dev.narhetsakuten.se\/?page_id=306"},"modified":"2024-09-14T10:37:02","modified_gmt":"2024-09-14T10:37:02","slug":"priser","status":"publish","type":"page","link":"https:\/\/dev.narhetsakuten.se\/index.php\/priser\/","title":{"rendered":"Priser"},"content":{"rendered":"<p>[et_pb_section fb_built=&#8221;1&#8243; admin_label=&#8221;Header&#8221; _builder_version=&#8221;4.27.0&#8243; _module_preset=&#8221;default&#8221; background_color=&#8221;rgba(229,225,216,0.62)&#8221; collapsed=&#8221;on&#8221; global_colors_info=&#8221;{}&#8221; theme_builder_area=&#8221;post_content&#8221;][et_pb_row _builder_version=&#8221;4.20.0&#8243; _module_preset=&#8221;default&#8221; global_colors_info=&#8221;{}&#8221; theme_builder_area=&#8221;post_content&#8221;][et_pb_column type=&#8221;4_4&#8243; _builder_version=&#8221;4.20.0&#8243; _module_preset=&#8221;default&#8221; global_colors_info=&#8221;{}&#8221; theme_builder_area=&#8221;post_content&#8221;][et_pb_text _builder_version=&#8221;4.27.0&#8243; _module_preset=&#8221;1f89265d-4ad6-48a7-9937-7e5cda760166&#8243; text_font=&#8221;|||on|||||&#8221; text_font_size=&#8221;16px&#8221; header_font=&#8221;&#8211;et_global_heading_font|||on|||||&#8221; text_orientation=&#8221;center&#8221; hover_enabled=&#8221;0&#8243; header_font_size_tablet=&#8221;50px&#8221; header_font_size_phone=&#8221;32px&#8221; header_font_size_last_edited=&#8221;on|tablet&#8221; global_colors_info=&#8221;{}&#8221; theme_builder_area=&#8221;post_content&#8221; sticky_enabled=&#8221;0&#8243; text_font_size_last_edited=&#8221;on|tablet&#8221; text_letter_spacing=&#8221;1px&#8221; text_font_size_phone=&#8221;14px&#8221; text_font_size_tablet=&#8221;16px&#8221;]<\/p>\n<h1>Priser<\/h1>\n<p>Behandlingstider | Avbokningspolicy<\/p>\n<p>[\/et_pb_text][\/et_pb_column][\/et_pb_row][\/et_pb_section][et_pb_section fb_built=&#8221;1&#8243; admin_label=&#8221;Packages&#8221; _builder_version=&#8221;4.27.0&#8243; _module_preset=&#8221;default&#8221; background_color=&#8221;rgba(229,225,216,0.32)&#8221; collapsed=&#8221;on&#8221; global_colors_info=&#8221;{}&#8221; theme_builder_area=&#8221;post_content&#8221;][et_pb_row _builder_version=&#8221;4.27.0&#8243; _module_preset=&#8221;default&#8221; custom_padding=&#8221;||0px||false|false&#8221; global_colors_info=&#8221;{}&#8221; theme_builder_area=&#8221;post_content&#8221;][et_pb_column type=&#8221;4_4&#8243; _builder_version=&#8221;4.27.0&#8243; _module_preset=&#8221;default&#8221; global_colors_info=&#8221;{}&#8221; theme_builder_area=&#8221;post_content&#8221;][et_pb_text _builder_version=&#8221;4.27.0&#8243; _module_preset=&#8221;default&#8221; header_2_font=&#8221;|600|||||||&#8221; header_2_font_size=&#8221;48px&#8221; header_2_letter_spacing=&#8221;1px&#8221; hover_enabled=&#8221;0&#8243; header_2_font_size_tablet=&#8221;40px&#8221; header_2_font_size_phone=&#8221;30px&#8221; header_2_font_size_last_edited=&#8221;on|desktop&#8221; global_colors_info=&#8221;{}&#8221; theme_builder_area=&#8221;post_content&#8221; sticky_enabled=&#8221;0&#8243;]<\/p>\n<h2>Priser och behandlingstider<\/h2>\n<p>[\/et_pb_text][\/et_pb_column][\/et_pb_row][et_pb_row column_structure=&#8221;1_3,1_3,1_3&#8243; _builder_version=&#8221;4.27.0&#8243; _module_preset=&#8221;default&#8221; hover_enabled=&#8221;0&#8243; global_colors_info=&#8221;{}&#8221; theme_builder_area=&#8221;post_content&#8221; sticky_enabled=&#8221;0&#8243; use_custom_gutter=&#8221;on&#8221; gutter_width=&#8221;2&#8243;][et_pb_column type=&#8221;1_3&#8243; _builder_version=&#8221;4.27.0&#8243; _module_preset=&#8221;default&#8221; hover_enabled=&#8221;0&#8243; global_colors_info=&#8221;{}&#8221; theme_builder_area=&#8221;post_content&#8221; background_color=&#8221;#FFFFFF&#8221; sticky_enabled=&#8221;0&#8243; custom_padding=&#8221;2vw|2vw|2vw|2vw|true|true&#8221; box_shadow_style=&#8221;preset3&#8243;][et_pb_text _builder_version=&#8221;4.27.0&#8243; _module_preset=&#8221;default&#8221; header_4_font=&#8221;&#8211;et_global_body_font|300||on|||||&#8221; header_4_text_color=&#8221;#910068&#8243; hover_enabled=&#8221;0&#8243; header_4_font_size_tablet=&#8221;&#8221; header_4_font_size_phone=&#8221;16px&#8221; header_4_font_size_last_edited=&#8221;on|desktop&#8221; global_colors_info=&#8221;{}&#8221; theme_builder_area=&#8221;post_content&#8221; sticky_enabled=&#8221;0&#8243; header_4_letter_spacing=&#8221;1px&#8221;]<\/p>\n<h4>Privatpersoner:<\/h4>\n<p>&nbsp;<\/p>\n<p>Enskilda samtal 1200 kr\/45 minuter<\/p>\n<p>Parsamtal 2400 kr\/90 minuter<\/p>\n<ul><\/ul>\n<p>[\/et_pb_text][\/et_pb_column][et_pb_column type=&#8221;1_3&#8243; _builder_version=&#8221;4.27.0&#8243; _module_preset=&#8221;default&#8221; hover_enabled=&#8221;0&#8243; global_colors_info=&#8221;{}&#8221; theme_builder_area=&#8221;post_content&#8221; background_color=&#8221;#FFFFFF&#8221; sticky_enabled=&#8221;0&#8243; custom_padding=&#8221;2vw|2vw|2vw|2vw|true|true&#8221; box_shadow_style=&#8221;preset3&#8243;][et_pb_text _builder_version=&#8221;4.27.0&#8243; _module_preset=&#8221;default&#8221; header_4_font=&#8221;&#8211;et_global_body_font|300||on|||||&#8221; header_4_text_color=&#8221;#910068&#8243; hover_enabled=&#8221;0&#8243; header_4_font_size_tablet=&#8221;&#8221; header_4_font_size_phone=&#8221;16px&#8221; header_4_font_size_last_edited=&#8221;on|desktop&#8221; global_colors_info=&#8221;{}&#8221; theme_builder_area=&#8221;post_content&#8221; sticky_enabled=&#8221;0&#8243; header_4_letter_spacing=&#8221;1px&#8221;]<\/p>\n<h4>F\u00f6retag:<\/h4>\n<p>&nbsp;<\/p>\n<p>Enskilda samtal 1200 kr + moms\/45 minuter.<\/p>\n<p>Parsamtal 2400 kr + moms\/90 minuter.<\/p>\n<ul><\/ul>\n<p>[\/et_pb_text][\/et_pb_column][et_pb_column type=&#8221;1_3&#8243; _builder_version=&#8221;4.27.0&#8243; _module_preset=&#8221;default&#8221; hover_enabled=&#8221;0&#8243; global_colors_info=&#8221;{}&#8221; theme_builder_area=&#8221;post_content&#8221; background_color=&#8221;#FFFFFF&#8221; custom_padding=&#8221;2vw|2vw|2vw|2vw|true|true&#8221; sticky_enabled=&#8221;0&#8243; box_shadow_style=&#8221;preset3&#8243;][et_pb_text _builder_version=&#8221;4.27.0&#8243; _module_preset=&#8221;default&#8221; header_4_font=&#8221;&#8211;et_global_body_font|300||on|||||&#8221; header_4_text_color=&#8221;#910068&#8243; hover_enabled=&#8221;0&#8243; header_4_font_size_tablet=&#8221;&#8221; header_4_font_size_phone=&#8221;16px&#8221; header_4_font_size_last_edited=&#8221;on|desktop&#8221; global_colors_info=&#8221;{}&#8221; theme_builder_area=&#8221;post_content&#8221; sticky_enabled=&#8221;0&#8243; header_4_letter_spacing=&#8221;1px&#8221;]<\/p>\n<h4>Telefonterapi:<\/h4>\n<p>&nbsp;<\/p>\n<p>Telefonterapi kostar 1200 kr\/45 minuter och debiteras i f\u00f6rskott.<\/p>\n<p>Du s\u00e4tter in pengar p\u00e5 Bankgiro 261- 5904 och vi bokar en tid d\u00e5 Du ringer upp mig.<\/p>\n<ul><\/ul>\n<p>[\/et_pb_text][\/et_pb_column][\/et_pb_row][et_pb_row _builder_version=&#8221;4.27.0&#8243; _module_preset=&#8221;default&#8221; global_colors_info=&#8221;{}&#8221; theme_builder_area=&#8221;post_content&#8221;][et_pb_column type=&#8221;4_4&#8243; _builder_version=&#8221;4.27.0&#8243; _module_preset=&#8221;default&#8221; global_colors_info=&#8221;{}&#8221; theme_builder_area=&#8221;post_content&#8221;][et_pb_divider _builder_version=&#8221;4.27.0&#8243; _module_preset=&#8221;default&#8221; global_colors_info=&#8221;{}&#8221; theme_builder_area=&#8221;post_content&#8221;][\/et_pb_divider][\/et_pb_column][\/et_pb_row][et_pb_row column_structure=&#8221;1_2,1_2&#8243; _builder_version=&#8221;4.27.0&#8243; _module_preset=&#8221;default&#8221; hover_enabled=&#8221;0&#8243; global_colors_info=&#8221;{}&#8221; theme_builder_area=&#8221;post_content&#8221; use_custom_gutter=&#8221;on&#8221; gutter_width=&#8221;2&#8243; sticky_enabled=&#8221;0&#8243;][et_pb_column type=&#8221;1_2&#8243; _builder_version=&#8221;4.27.0&#8243; _module_preset=&#8221;default&#8221; hover_enabled=&#8221;0&#8243; global_colors_info=&#8221;{}&#8221; theme_builder_area=&#8221;post_content&#8221; custom_padding=&#8221;2vw|2vw|2vw|2vw|true|true&#8221; sticky_enabled=&#8221;0&#8243; background_color=&#8221;#FFFFFF&#8221; box_shadow_style=&#8221;preset3&#8243;][et_pb_text _builder_version=&#8221;4.27.0&#8243; _module_preset=&#8221;default&#8221; header_4_font=&#8221;&#8211;et_global_body_font|300||on|||||&#8221; header_4_text_color=&#8221;#910068&#8243; hover_enabled=&#8221;0&#8243; header_4_font_size_tablet=&#8221;&#8221; header_4_font_size_phone=&#8221;16px&#8221; header_4_font_size_last_edited=&#8221;on|desktop&#8221; global_colors_info=&#8221;{}&#8221; theme_builder_area=&#8221;post_content&#8221; sticky_enabled=&#8221;0&#8243; header_4_letter_spacing=&#8221;1px&#8221;]<\/p>\n<h4>F\u00f6rel\u00e4sning:<\/h4>\n<p>&nbsp;<\/p>\n<p>Vi f\u00f6rel\u00e4ser p\u00e5 sexologmottagningar och utbildningar i psykoterapi Steg 1 och Steg 2.<\/p>\n<p>Vi s\u00e4tter ihop f\u00f6rel\u00e4sningen efter era behov och utg\u00e5r fr\u00e5n anknytningsteori och sexualitet som en f\u00f6rklaringsmodell eller svaret p\u00e5 varf\u00f6r jag har ett sexuellt problem och psykoterapeutiska metoder att l\u00f6sa upp sexuella problem.<\/p>\n<p>Grupper upp till 10 personer 4000 kr\/120 minuter + moms<\/p>\n<p>Grupper upp till 20 personer 6000 kr\/120 minuter + moms<\/p>\n<p>Tillkommer reseers\u00e4ttning 700kr\/60 minuter + moms<\/p>\n<p>Om ni vill ut\u00f6ka f\u00f6rel\u00e4sningstiden eller l\u00e4gga till diskussionstid be om ett kostnadsf\u00f6rslag. Mail: <a href=\"mailto:charlotte@narhetsakuten.se\">charlotte@narhetsakuten.se<\/a><\/p>\n<ul><\/ul>\n<p>[\/et_pb_text][\/et_pb_column][et_pb_column type=&#8221;1_2&#8243; _builder_version=&#8221;4.27.0&#8243; _module_preset=&#8221;default&#8221; hover_enabled=&#8221;0&#8243; global_colors_info=&#8221;{}&#8221; theme_builder_area=&#8221;post_content&#8221; custom_padding=&#8221;2vw|2vw|2vw|2vw|true|true&#8221; sticky_enabled=&#8221;0&#8243; background_color=&#8221;#FFFFFF&#8221; box_shadow_style=&#8221;preset3&#8243;][et_pb_text _builder_version=&#8221;4.27.0&#8243; _module_preset=&#8221;default&#8221; header_4_font=&#8221;&#8211;et_global_body_font|300||on|||||&#8221; header_4_text_color=&#8221;#910068&#8243; hover_enabled=&#8221;0&#8243; header_4_font_size_tablet=&#8221;&#8221; header_4_font_size_phone=&#8221;16px&#8221; header_4_font_size_last_edited=&#8221;on|desktop&#8221; global_colors_info=&#8221;{}&#8221; theme_builder_area=&#8221;post_content&#8221; sticky_enabled=&#8221;0&#8243; header_4_letter_spacing=&#8221;1px&#8221;]<\/p>\n<h4>Kommunikationscoachning f\u00f6r f\u00f6retag:<\/h4>\n<p>&nbsp;<\/p>\n<p>Jag tar emot f\u00f6retagare som vill utveckla sin kommunikativa f\u00f6rm\u00e5ga i sina arbetsrelationer. Pris enskilda samtal 1000 kr\/45 min + moms.<\/p>\n<p>Om vi reser till er \u00e4r priset 700 kr\/60 min + moms i resetill\u00e4gg.<\/p>\n<ul><\/ul>\n<p>[\/et_pb_text][\/et_pb_column][\/et_pb_row][\/et_pb_section][et_pb_section fb_built=&#8221;1&#8243; theme_builder_area=&#8221;post_content&#8221; _builder_version=&#8221;4.27.0&#8243; _module_preset=&#8221;default&#8221; background_color=&#8221;rgba(229,225,216,0.63)&#8221; hover_enabled=&#8221;0&#8243; sticky_enabled=&#8221;0&#8243;][et_pb_row _builder_version=&#8221;4.27.0&#8243; _module_preset=&#8221;default&#8221; theme_builder_area=&#8221;post_content&#8221;][et_pb_column _builder_version=&#8221;4.27.0&#8243; _module_preset=&#8221;default&#8221; type=&#8221;4_4&#8243; theme_builder_area=&#8221;post_content&#8221;][et_pb_text _builder_version=&#8221;4.27.0&#8243; _module_preset=&#8221;default&#8221; header_2_font=&#8221;|600|||||||&#8221; header_2_font_size=&#8221;48px&#8221; header_2_letter_spacing=&#8221;1px&#8221; hover_enabled=&#8221;0&#8243; header_2_font_size_tablet=&#8221;40px&#8221; header_2_font_size_phone=&#8221;30px&#8221; header_2_font_size_last_edited=&#8221;on|desktop&#8221; global_colors_info=&#8221;{}&#8221; theme_builder_area=&#8221;post_content&#8221; sticky_enabled=&#8221;0&#8243;]<\/p>\n<h2>Avbokningspolicy<\/h2>\n<p>[\/et_pb_text][\/et_pb_column][\/et_pb_row][et_pb_row _builder_version=&#8221;4.27.0&#8243; _module_preset=&#8221;default&#8221; column_structure=&#8221;1_2,1_2&#8243; theme_builder_area=&#8221;post_content&#8221;][et_pb_column _builder_version=&#8221;4.27.0&#8243; _module_preset=&#8221;default&#8221; type=&#8221;1_2&#8243; theme_builder_area=&#8221;post_content&#8221;][et_pb_text _builder_version=&#8221;4.27.0&#8243; _module_preset=&#8221;default&#8221; theme_builder_area=&#8221;post_content&#8221; hover_enabled=&#8221;0&#8243; sticky_enabled=&#8221;0&#8243;]<\/p>\n<p>Min avbokningspolicy \u00e4r att om du avbokar minst 24 timmar innan samtalet debiteras inget. Vid avbokning mindre \u00e4n 24 timmar innan bes\u00f6ket debiteras full taxa. Observera att oavsett anledning s\u00e5 debiteras hela summan om du avokar senare \u00e4n 24 timmar innan samtalet.<\/p>\n<p>[\/et_pb_text][\/et_pb_column][et_pb_column _builder_version=&#8221;4.27.0&#8243; _module_preset=&#8221;default&#8221; type=&#8221;1_2&#8243; theme_builder_area=&#8221;post_content&#8221;][et_pb_text _builder_version=&#8221;4.27.0&#8243; _module_preset=&#8221;default&#8221; theme_builder_area=&#8221;post_content&#8221; hover_enabled=&#8221;0&#8243; sticky_enabled=&#8221;0&#8243;]<\/p>\n<p>En genomsnittlig samtalsserie f\u00f6r sexuella sv\u00e5righeter \u00e4r 5-10 samtal, men om du vill g\u00e5 djupare s\u00e5 utvecklas samtalen till en traditionell terapi som h\u00e5ller p\u00e5 l\u00e4ngre, ca 20-30 samtal, ibland mer.<\/p>\n<p>De flesta \u00e4r mycket n\u00f6jda och ser det som en investering att ha f\u00f6rb\u00e4ttrat sitt sex- och samliv samt sina \u00f6vriga relationer.<\/p>\n<p>[\/et_pb_text][\/et_pb_column][\/et_pb_row][\/et_pb_section]<\/p>\n","protected":false},"excerpt":{"rendered":"<p>Priser Behandlingstider | AvbokningspolicyPriser och behandlingstiderPrivatpersoner: &nbsp; Enskilda samtal 1200 kr\/45 minuter Parsamtal 2400 kr\/90 minuter F\u00f6retag: &nbsp; Enskilda samtal 1200 kr + moms\/45 minuter. Parsamtal 2400 kr + moms\/90 minuter. Telefonterapi: &nbsp; Telefonterapi kostar 1200 kr\/45 minuter och debiteras i f\u00f6rskott. Du s\u00e4tter in pengar p\u00e5 Bankgiro 261- 5904 och vi bokar en tid [&hellip;]<\/p>\n","protected":false},"author":1,"featured_media":0,"parent":0,"menu_order":0,"comment_status":"closed","ping_status":"closed","template":"","meta":{"_et_pb_use_builder":"on","_et_pb_old_content":"","_et_gb_content_width":"","footnotes":""},"class_list":["post-306","page","type-page","status-publish","hentry"],"yoast_head":"<!-- This site is optimized with the Yoast SEO plugin v23.5 - https:\/\/yoast.com\/wordpress\/plugins\/seo\/ -->\n<title>Priser - N\u00e4rhetsakuten<\/title>\n<meta name=\"robots\" content=\"index, follow, max-snippet:-1, max-image-preview:large, max-video-preview:-1\" \/>\n<link rel=\"canonical\" href=\"https:\/\/dev.narhetsakuten.se\/index.php\/priser\/\" \/>\n<meta property=\"og:locale\" content=\"sv_SE\" \/>\n<meta property=\"og:type\" content=\"article\" \/>\n<meta property=\"og:title\" content=\"Priser - N\u00e4rhetsakuten\" \/>\n<meta property=\"og:description\" content=\"Priser Behandlingstider | AvbokningspolicyPriser och behandlingstiderPrivatpersoner: &nbsp; Enskilda samtal 1200 kr\/45 minuter Parsamtal 2400 kr\/90 minuter F\u00f6retag: &nbsp; Enskilda samtal 1200 kr + moms\/45 minuter. Parsamtal 2400 kr + moms\/90 minuter. Telefonterapi: &nbsp; Telefonterapi kostar 1200 kr\/45 minuter och debiteras i f\u00f6rskott. Du s\u00e4tter in pengar p\u00e5 Bankgiro 261- 5904 och vi bokar en tid [&hellip;]\" \/>\n<meta property=\"og:url\" content=\"https:\/\/dev.narhetsakuten.se\/index.php\/priser\/\" \/>\n<meta property=\"og:site_name\" content=\"N\u00e4rhetsakuten\" \/>\n<meta property=\"article:modified_time\" content=\"2024-09-14T10:37:02+00:00\" \/>\n<meta name=\"twitter:card\" content=\"summary_large_image\" \/>\n<script type=\"application\/ld+json\" class=\"yoast-schema-graph\">{\"@context\":\"https:\/\/schema.org\",\"@graph\":[{\"@type\":\"WebPage\",\"@id\":\"https:\/\/dev.narhetsakuten.se\/index.php\/priser\/\",\"url\":\"https:\/\/dev.narhetsakuten.se\/index.php\/priser\/\",\"name\":\"Priser - N\u00e4rhetsakuten\",\"isPartOf\":{\"@id\":\"https:\/\/dev.narhetsakuten.se\/#website\"},\"datePublished\":\"2024-09-14T10:14:17+00:00\",\"dateModified\":\"2024-09-14T10:37:02+00:00\",\"breadcrumb\":{\"@id\":\"https:\/\/dev.narhetsakuten.se\/index.php\/priser\/#breadcrumb\"},\"inLanguage\":\"sv-SE\",\"potentialAction\":[{\"@type\":\"ReadAction\",\"target\":[\"https:\/\/dev.narhetsakuten.se\/index.php\/priser\/\"]}]},{\"@type\":\"BreadcrumbList\",\"@id\":\"https:\/\/dev.narhetsakuten.se\/index.php\/priser\/#breadcrumb\",\"itemListElement\":[{\"@type\":\"ListItem\",\"position\":1,\"name\":\"Hem\",\"item\":\"https:\/\/dev.narhetsakuten.se\/\"},{\"@type\":\"ListItem\",\"position\":2,\"name\":\"Priser\"}]},{\"@type\":\"WebSite\",\"@id\":\"https:\/\/dev.narhetsakuten.se\/#website\",\"url\":\"https:\/\/dev.narhetsakuten.se\/\",\"name\":\"N\u00e4rhetsakuten\",\"description\":\"Sexolog och leg. psykoterapeut\",\"potentialAction\":[{\"@type\":\"SearchAction\",\"target\":{\"@type\":\"EntryPoint\",\"urlTemplate\":\"https:\/\/dev.narhetsakuten.se\/?s={search_term_string}\"},\"query-input\":{\"@type\":\"PropertyValueSpecification\",\"valueRequired\":true,\"valueName\":\"search_term_string\"}}],\"inLanguage\":\"sv-SE\"}]}<\/script>\n<!-- \/ Yoast SEO plugin. -->","yoast_head_json":{"title":"Priser - N\u00e4rhetsakuten","robots":{"index":"index","follow":"follow","max-snippet":"max-snippet:-1","max-image-preview":"max-image-preview:large","max-video-preview":"max-video-preview:-1"},"canonical":"https:\/\/dev.narhetsakuten.se\/index.php\/priser\/","og_locale":"sv_SE","og_type":"article","og_title":"Priser - N\u00e4rhetsakuten","og_description":"Priser Behandlingstider | AvbokningspolicyPriser och behandlingstiderPrivatpersoner: &nbsp; Enskilda samtal 1200 kr\/45 minuter Parsamtal 2400 kr\/90 minuter F\u00f6retag: &nbsp; Enskilda samtal 1200 kr + moms\/45 minuter. Parsamtal 2400 kr + moms\/90 minuter. Telefonterapi: &nbsp; Telefonterapi kostar 1200 kr\/45 minuter och debiteras i f\u00f6rskott. Du s\u00e4tter in pengar p\u00e5 Bankgiro 261- 5904 och vi bokar en tid [&hellip;]","og_url":"https:\/\/dev.narhetsakuten.se\/index.php\/priser\/","og_site_name":"N\u00e4rhetsakuten","article_modified_time":"2024-09-14T10:37:02+00:00","twitter_card":"summary_large_image","schema":{"@context":"https:\/\/schema.org","@graph":[{"@type":"WebPage","@id":"https:\/\/dev.narhetsakuten.se\/index.php\/priser\/","url":"https:\/\/dev.narhetsakuten.se\/index.php\/priser\/","name":"Priser - N\u00e4rhetsakuten","isPartOf":{"@id":"https:\/\/dev.narhetsakuten.se\/#website"},"datePublished":"2024-09-14T10:14:17+00:00","dateModified":"2024-09-14T10:37:02+00:00","breadcrumb":{"@id":"https:\/\/dev.narhetsakuten.se\/index.php\/priser\/#breadcrumb"},"inLanguage":"sv-SE","potentialAction":[{"@type":"ReadAction","target":["https:\/\/dev.narhetsakuten.se\/index.php\/priser\/"]}]},{"@type":"BreadcrumbList","@id":"https:\/\/dev.narhetsakuten.se\/index.php\/priser\/#breadcrumb","itemListElement":[{"@type":"ListItem","position":1,"name":"Hem","item":"https:\/\/dev.narhetsakuten.se\/"},{"@type":"ListItem","position":2,"name":"Priser"}]},{"@type":"WebSite","@id":"https:\/\/dev.narhetsakuten.se\/#website","url":"https:\/\/dev.narhetsakuten.se\/","name":"N\u00e4rhetsakuten","description":"Sexolog och leg. psykoterapeut","potentialAction":[{"@type":"SearchAction","target":{"@type":"EntryPoint","urlTemplate":"https:\/\/dev.narhetsakuten.se\/?s={search_term_string}"},"query-input":{"@type":"PropertyValueSpecification","valueRequired":true,"valueName":"search_term_string"}}],"inLanguage":"sv-SE"}]}},"_links":{"self":[{"href":"https:\/\/dev.narhetsakuten.se\/index.php\/wp-json\/wp\/v2\/pages\/306","targetHints":{"allow":["GET"]}}],"collection":[{"href":"https:\/\/dev.narhetsakuten.se\/index.php\/wp-json\/wp\/v2\/pages"}],"about":[{"href":"https:\/\/dev.narhetsakuten.se\/index.php\/wp-json\/wp\/v2\/types\/page"}],"author":[{"embeddable":true,"href":"https:\/\/dev.narhetsakuten.se\/index.php\/wp-json\/wp\/v2\/users\/1"}],"replies":[{"embeddable":true,"href":"https:\/\/dev.narhetsakuten.se\/index.php\/wp-json\/wp\/v2\/comments?post=306"}],"version-history":[{"count":7,"href":"https:\/\/dev.narhetsakuten.se\/index.php\/wp-json\/wp\/v2\/pages\/306\/revisions"}],"predecessor-version":[{"id":315,"href":"https:\/\/dev.narhetsakuten.se\/index.php\/wp-json\/wp\/v2\/pages\/306\/revisions\/315"}],"wp:attachment":[{"href":"https:\/\/dev.narhetsakuten.se\/index.php\/wp-json\/wp\/v2\/media?parent=306"}],"curies":[{"name":"wp","href":"https:\/\/api.w.org\/{rel}","templated":true}]}}